{"id":833,"date":"2022-05-01T13:38:19","date_gmt":"2022-05-01T18:38:19","guid":{"rendered":"http:\/\/catherinesylvain.com\/blog\/?page_id=833"},"modified":"2022-05-01T14:03:48","modified_gmt":"2022-05-01T19:03:48","slug":"relier","status":"publish","type":"page","link":"http:\/\/catherinesylvain.com\/blog\/?page_id=833","title":{"rendered":"Relier"},"content":{"rendered":"\n<ul class=\"wp-block-gallery columns-1 is-cropped\"><li class=\"blocks-gallery-item\"><figure><img loading=\"lazy\" width=\"4032\" height=\"3024\" src=\"https:\/\/i1.wp.com\/catherinesylvain.com\/blog\/wp-content\/uploads\/2022\/05\/IMG-0551.jpg?fit=1024%2C768\" alt=\"\" data-id=\"834\" data-link=\"http:\/\/catherinesylvain.com\/blog\/?attachment_id=834\" class=\"wp-image-834\" srcset=\"https:\/\/i1.wp.com\/catherinesylvain.com\/blog\/wp-content\/uploads\/2022\/05\/IMG-0551.jpg?w=4032 4032w, https:\/\/i1.wp.com\/catherinesylvain.com\/blog\/wp-content\/uploads\/2022\/05\/IMG-0551.jpg?resize=300%2C225 300w, https:\/\/i1.wp.com\/catherinesylvain.com\/blog\/wp-content\/uploads\/2022\/05\/IMG-0551.jpg?resize=768%2C576 768w, https:\/\/i1.wp.com\/catherinesylvain.com\/blog\/wp-content\/uploads\/2022\/05\/IMG-0551.jpg?resize=1024%2C768 1024w, https:\/\/i1.wp.com\/catherinesylvain.com\/blog\/wp-content\/uploads\/2022\/05\/IMG-0551.jpg?w=2280 2280w, https:\/\/i1.wp.com\/catherinesylvain.com\/blog\/wp-content\/uploads\/2022\/05\/IMG-0551.jpg?w=3420 3420w\" sizes=\"(max-width: 1140px) 100vw, 1140px\" \/><\/figure><\/li><li class=\"blocks-gallery-item\"><figure><img loading=\"lazy\" width=\"4032\" height=\"3024\" src=\"https:\/\/i0.wp.com\/catherinesylvain.com\/blog\/wp-content\/uploads\/2022\/05\/IMG-0557.jpg?fit=1024%2C768\" alt=\"\" data-id=\"835\" data-link=\"http:\/\/catherinesylvain.com\/blog\/?attachment_id=835\" class=\"wp-image-835\" srcset=\"https:\/\/i0.wp.com\/catherinesylvain.com\/blog\/wp-content\/uploads\/2022\/05\/IMG-0557.jpg?w=4032 4032w, https:\/\/i0.wp.com\/catherinesylvain.com\/blog\/wp-content\/uploads\/2022\/05\/IMG-0557.jpg?resize=300%2C225 300w, https:\/\/i0.wp.com\/catherinesylvain.com\/blog\/wp-content\/uploads\/2022\/05\/IMG-0557.jpg?resize=768%2C576 768w, https:\/\/i0.wp.com\/catherinesylvain.com\/blog\/wp-content\/uploads\/2022\/05\/IMG-0557.jpg?resize=1024%2C768 1024w, https:\/\/i0.wp.com\/catherinesylvain.com\/blog\/wp-content\/uploads\/2022\/05\/IMG-0557.jpg?w=2280 2280w, https:\/\/i0.wp.com\/catherinesylvain.com\/blog\/wp-content\/uploads\/2022\/05\/IMG-0557.jpg?w=3420 3420w\" sizes=\"(max-width: 1140px) 100vw, 1140px\" \/><\/figure><\/li><li class=\"blocks-gallery-item\"><figure><img loading=\"lazy\" width=\"4032\" height=\"3024\" src=\"https:\/\/i2.wp.com\/catherinesylvain.com\/blog\/wp-content\/uploads\/2022\/05\/IMG-0543.jpg?fit=1024%2C768\" alt=\"\" data-id=\"836\" data-link=\"http:\/\/catherinesylvain.com\/blog\/?attachment_id=836\" class=\"wp-image-836\" srcset=\"https:\/\/i2.wp.com\/catherinesylvain.com\/blog\/wp-content\/uploads\/2022\/05\/IMG-0543.jpg?w=4032 4032w, https:\/\/i2.wp.com\/catherinesylvain.com\/blog\/wp-content\/uploads\/2022\/05\/IMG-0543.jpg?resize=300%2C225 300w, https:\/\/i2.wp.com\/catherinesylvain.com\/blog\/wp-content\/uploads\/2022\/05\/IMG-0543.jpg?resize=768%2C576 768w, https:\/\/i2.wp.com\/catherinesylvain.com\/blog\/wp-content\/uploads\/2022\/05\/IMG-0543.jpg?resize=1024%2C768 1024w, https:\/\/i2.wp.com\/catherinesylvain.com\/blog\/wp-content\/uploads\/2022\/05\/IMG-0543.jpg?w=2280 2280w, https:\/\/i2.wp.com\/catherinesylvain.com\/blog\/wp-content\/uploads\/2022\/05\/IMG-0543.jpg?w=3420 3420w\" sizes=\"(max-width: 1140px) 100vw, 1140px\" \/><\/figure><\/li><li class=\"blocks-gallery-item\"><figure><img loading=\"lazy\" width=\"4032\" height=\"3024\" src=\"https:\/\/i1.wp.com\/catherinesylvain.com\/blog\/wp-content\/uploads\/2022\/05\/IMG-0540.jpg?fit=1024%2C768\" alt=\"\" data-id=\"837\" data-link=\"http:\/\/catherinesylvain.com\/blog\/?attachment_id=837\" class=\"wp-image-837\" srcset=\"https:\/\/i1.wp.com\/catherinesylvain.com\/blog\/wp-content\/uploads\/2022\/05\/IMG-0540.jpg?w=4032 4032w, https:\/\/i1.wp.com\/catherinesylvain.com\/blog\/wp-content\/uploads\/2022\/05\/IMG-0540.jpg?resize=300%2C225 300w, https:\/\/i1.wp.com\/catherinesylvain.com\/blog\/wp-content\/uploads\/2022\/05\/IMG-0540.jpg?resize=768%2C576 768w, https:\/\/i1.wp.com\/catherinesylvain.com\/blog\/wp-content\/uploads\/2022\/05\/IMG-0540.jpg?resize=1024%2C768 1024w, https:\/\/i1.wp.com\/catherinesylvain.com\/blog\/wp-content\/uploads\/2022\/05\/IMG-0540.jpg?w=2280 2280w, https:\/\/i1.wp.com\/catherinesylvain.com\/blog\/wp-content\/uploads\/2022\/05\/IMG-0540.jpg?w=3420 3420w\" sizes=\"(max-width: 1140px) 100vw, 1140px\" \/><\/figure><\/li><li class=\"blocks-gallery-item\"><figure><img loading=\"lazy\" width=\"4032\" height=\"3024\" src=\"https:\/\/i1.wp.com\/catherinesylvain.com\/blog\/wp-content\/uploads\/2022\/05\/IMG-0537.jpg?fit=1024%2C768\" alt=\"\" data-id=\"838\" data-link=\"http:\/\/catherinesylvain.com\/blog\/?attachment_id=838\" class=\"wp-image-838\" srcset=\"https:\/\/i1.wp.com\/catherinesylvain.com\/blog\/wp-content\/uploads\/2022\/05\/IMG-0537.jpg?w=4032 4032w, https:\/\/i1.wp.com\/catherinesylvain.com\/blog\/wp-content\/uploads\/2022\/05\/IMG-0537.jpg?resize=300%2C225 300w, https:\/\/i1.wp.com\/catherinesylvain.com\/blog\/wp-content\/uploads\/2022\/05\/IMG-0537.jpg?resize=768%2C576 768w, https:\/\/i1.wp.com\/catherinesylvain.com\/blog\/wp-content\/uploads\/2022\/05\/IMG-0537.jpg?resize=1024%2C768 1024w, https:\/\/i1.wp.com\/catherinesylvain.com\/blog\/wp-content\/uploads\/2022\/05\/IMG-0537.jpg?w=2280 2280w, https:\/\/i1.wp.com\/catherinesylvain.com\/blog\/wp-content\/uploads\/2022\/05\/IMG-0537.jpg?w=3420 3420w\" sizes=\"(max-width: 1140px) 100vw, 1140px\" \/><\/figure><\/li><\/ul>\n\n\n\n<p>2022 &#8211; Dans le cadre des travaux de mise en accessibilit\u00e9 de la station, la sculpture Relier comm\u00e9more la contribution marquante des employ\u00e9s du Bureau de transport m\u00e9tropolitain dans la r\u00e9alisation des prolongements du m\u00e9tro de Montr\u00e9al. L\u2019\u0153uvre illustre une poign\u00e9e de main se transformant en une longue boucle verticale rappelant le parcours d\u2019une ligne de m\u00e9tro.<\/p>\n\n\n\n<p><\/p>\n\n\n\n<p><a href=\"https:\/\/www.stm.info\/fr\/presse\/nouvelles\/2022\/une-nouvelle-oeuvre-d-art-fait-son-apparition-a-la-station-prefontaine\">https:\/\/www.stm.info\/fr\/presse\/nouvelles\/2022\/une-nouvelle-oeuvre-d-art-fait-son-apparition-a-la-station-prefontaine<\/a><\/p>\n\n\n\n<p><a href=\"https:\/\/www.stm.info\/en\/press\/news\/2022\/new-artwork-unveiled-at-prefontaine-station\">https:\/\/www.stm.info\/en\/press\/news\/2022\/new-artwork-unveiled-at-prefontaine-station<\/a><\/p>\n","protected":false},"excerpt":{"rendered":"<p>2022 &#8211; Dans le cadre des travaux de mise en accessibilit\u00e9 de la station, la sculpture Relier comm\u00e9more la contribution marquante des employ\u00e9s du Bureau de transport m\u00e9tropolitain dans la r\u00e9alisation des prolongements du m\u00e9tro de Montr\u00e9al. L\u2019\u0153uvre illustre une poign\u00e9e de main se transformant en une longue boucle verticale rappelant le parcours d\u2019une ligne<\/p>\n<div><a class=\"btn-filled btn\" href=\"http:\/\/catherinesylvain.com\/blog\/?page_id=833\" title=\"Relier\">Lire la suite<\/a><\/div>\n","protected":false},"author":1,"featured_media":0,"parent":0,"menu_order":0,"comment_status":"closed","ping_status":"closed","template":"","meta":{"spay_email":""},"_links":{"self":[{"href":"http:\/\/catherinesylvain.com\/blog\/index.php?rest_route=\/wp\/v2\/pages\/833"}],"collection":[{"href":"http:\/\/catherinesylvain.com\/blog\/index.php?rest_route=\/wp\/v2\/pages"}],"about":[{"href":"http:\/\/catherinesylvain.com\/blog\/index.php?rest_route=\/wp\/v2\/types\/page"}],"author":[{"embeddable":true,"href":"http:\/\/catherinesylvain.com\/blog\/index.php?rest_route=\/wp\/v2\/users\/1"}],"replies":[{"embeddable":true,"href":"http:\/\/catherinesylvain.com\/blog\/index.php?rest_route=%2Fwp%2Fv2%2Fcomments&post=833"}],"version-history":[{"count":3,"href":"http:\/\/catherinesylvain.com\/blog\/index.php?rest_route=\/wp\/v2\/pages\/833\/revisions"}],"predecessor-version":[{"id":854,"href":"http:\/\/catherinesylvain.com\/blog\/index.php?rest_route=\/wp\/v2\/pages\/833\/revisions\/854"}],"wp:attachment":[{"href":"http:\/\/catherinesylvain.com\/blog\/index.php?rest_route=%2Fwp%2Fv2%2Fmedia&parent=833"}],"curies":[{"name":"wp","href":"https:\/\/api.w.org\/{rel}","templated":true}]}}