{"id":579,"date":"2017-02-13T20:14:01","date_gmt":"2017-02-13T20:14:01","guid":{"rendered":"http:\/\/catherinesylvain.com\/blog\/?page_id=579"},"modified":"2019-01-26T16:12:30","modified_gmt":"2019-01-26T16:12:30","slug":"geometrie-variable","status":"publish","type":"page","link":"http:\/\/catherinesylvain.com\/blog\/?page_id=579","title":{"rendered":"G\u00e9om\u00e9trie variable (art public)"},"content":{"rendered":"<p class=\"p1\"><span class=\"s1\">2016, \u00c9cole secondaire Henri-Bourassa,\u00a0Montr\u00e9al-Nord<\/span><\/p>\n<p class=\"p1\">Comission scolaire de la Pointe-de-l&rsquo;\u00cele<\/p>\n<p class=\"p1\"><span class=\"s1\">Mat\u00e9riau: Aluminium.\u00a0R\u00e9alisation:\u00a0M&amp;B M\u00e9talliers Installation: Infravert<\/span><\/p>\n<p class=\"p1\"><span class=\"s1\">Projet r\u00e9alis\u00e9 dans le cadre de la Politique d\u2019int\u00e9gration des arts et de l\u2019architecture du Minist\u00e8re de la Culture et des Communications du Qu\u00e9bec.<a href=\"https:\/\/i0.wp.com\/catherinesylvain.com\/blog\/wp-content\/uploads\/2017\/02\/HTA_oeuvre_MTL_N_4.jpg\"><img loading=\"lazy\" class=\"alignnone size-full wp-image-585\" src=\"https:\/\/i0.wp.com\/catherinesylvain.com\/blog\/wp-content\/uploads\/2017\/02\/HTA_oeuvre_MTL_N_4.jpg?resize=1140%2C755\" alt=\"HTA_oeuvre_MTL_N_4\" width=\"1140\" height=\"755\" srcset=\"https:\/\/i0.wp.com\/catherinesylvain.com\/blog\/wp-content\/uploads\/2017\/02\/HTA_oeuvre_MTL_N_4.jpg?w=1200 1200w, https:\/\/i0.wp.com\/catherinesylvain.com\/blog\/wp-content\/uploads\/2017\/02\/HTA_oeuvre_MTL_N_4.jpg?resize=300%2C198 300w, https:\/\/i0.wp.com\/catherinesylvain.com\/blog\/wp-content\/uploads\/2017\/02\/HTA_oeuvre_MTL_N_4.jpg?resize=1024%2C678 1024w, https:\/\/i0.wp.com\/catherinesylvain.com\/blog\/wp-content\/uploads\/2017\/02\/HTA_oeuvre_MTL_N_4.jpg?resize=422%2C280 422w\" sizes=\"(max-width: 1140px) 100vw, 1140px\" data-recalc-dims=\"1\" \/><\/a><a href=\"https:\/\/i0.wp.com\/catherinesylvain.com\/blog\/wp-content\/uploads\/2017\/02\/HTA_oeuvre_MTL_N_2.jpg\"><img loading=\"lazy\" class=\"alignnone size-full wp-image-583\" src=\"https:\/\/i0.wp.com\/catherinesylvain.com\/blog\/wp-content\/uploads\/2017\/02\/HTA_oeuvre_MTL_N_2.jpg?resize=795%2C1200\" alt=\"HTA_oeuvre_MTL_N_2\" width=\"795\" height=\"1200\" srcset=\"https:\/\/i0.wp.com\/catherinesylvain.com\/blog\/wp-content\/uploads\/2017\/02\/HTA_oeuvre_MTL_N_2.jpg?w=795 795w, https:\/\/i0.wp.com\/catherinesylvain.com\/blog\/wp-content\/uploads\/2017\/02\/HTA_oeuvre_MTL_N_2.jpg?resize=198%2C300 198w, https:\/\/i0.wp.com\/catherinesylvain.com\/blog\/wp-content\/uploads\/2017\/02\/HTA_oeuvre_MTL_N_2.jpg?resize=678%2C1024 678w, https:\/\/i0.wp.com\/catherinesylvain.com\/blog\/wp-content\/uploads\/2017\/02\/HTA_oeuvre_MTL_N_2.jpg?resize=185%2C280 185w\" sizes=\"(max-width: 795px) 100vw, 795px\" data-recalc-dims=\"1\" \/><\/a><a href=\"https:\/\/i1.wp.com\/catherinesylvain.com\/blog\/wp-content\/uploads\/2017\/02\/HTA_oeuvre_MTL_N_1.jpg\"><img loading=\"lazy\" class=\"alignnone size-full wp-image-582\" src=\"https:\/\/i1.wp.com\/catherinesylvain.com\/blog\/wp-content\/uploads\/2017\/02\/HTA_oeuvre_MTL_N_1.jpg?resize=1140%2C755\" alt=\"HTA_oeuvre_MTL_N_1\" width=\"1140\" height=\"755\" srcset=\"https:\/\/i1.wp.com\/catherinesylvain.com\/blog\/wp-content\/uploads\/2017\/02\/HTA_oeuvre_MTL_N_1.jpg?w=1200 1200w, https:\/\/i1.wp.com\/catherinesylvain.com\/blog\/wp-content\/uploads\/2017\/02\/HTA_oeuvre_MTL_N_1.jpg?resize=300%2C198 300w, https:\/\/i1.wp.com\/catherinesylvain.com\/blog\/wp-content\/uploads\/2017\/02\/HTA_oeuvre_MTL_N_1.jpg?resize=1024%2C678 1024w, https:\/\/i1.wp.com\/catherinesylvain.com\/blog\/wp-content\/uploads\/2017\/02\/HTA_oeuvre_MTL_N_1.jpg?resize=422%2C280 422w\" sizes=\"(max-width: 1140px) 100vw, 1140px\" data-recalc-dims=\"1\" \/><\/a><\/span><\/p>\n","protected":false},"excerpt":{"rendered":"<p>2016, \u00c9cole secondaire Henri-Bourassa,\u00a0Montr\u00e9al-Nord Comission scolaire de la Pointe-de-l&rsquo;\u00cele Mat\u00e9riau: Aluminium.\u00a0R\u00e9alisation:\u00a0M&amp;B M\u00e9talliers Installation: Infravert Projet r\u00e9alis\u00e9 dans le cadre de la Politique d\u2019int\u00e9gration des arts et de l\u2019architecture du Minist\u00e8re de la Culture et des Communications du Qu\u00e9bec.<\/p>\n","protected":false},"author":1,"featured_media":0,"parent":0,"menu_order":0,"comment_status":"closed","ping_status":"open","template":"","meta":{"spay_email":""},"_links":{"self":[{"href":"http:\/\/catherinesylvain.com\/blog\/index.php?rest_route=\/wp\/v2\/pages\/579"}],"collection":[{"href":"http:\/\/catherinesylvain.com\/blog\/index.php?rest_route=\/wp\/v2\/pages"}],"about":[{"href":"http:\/\/catherinesylvain.com\/blog\/index.php?rest_route=\/wp\/v2\/types\/page"}],"author":[{"embeddable":true,"href":"http:\/\/catherinesylvain.com\/blog\/index.php?rest_route=\/wp\/v2\/users\/1"}],"replies":[{"embeddable":true,"href":"http:\/\/catherinesylvain.com\/blog\/index.php?rest_route=%2Fwp%2Fv2%2Fcomments&post=579"}],"version-history":[{"count":5,"href":"http:\/\/catherinesylvain.com\/blog\/index.php?rest_route=\/wp\/v2\/pages\/579\/revisions"}],"predecessor-version":[{"id":592,"href":"http:\/\/catherinesylvain.com\/blog\/index.php?rest_route=\/wp\/v2\/pages\/579\/revisions\/592"}],"wp:attachment":[{"href":"http:\/\/catherinesylvain.com\/blog\/index.php?rest_route=%2Fwp%2Fv2%2Fmedia&parent=579"}],"curies":[{"name":"wp","href":"https:\/\/api.w.org\/{rel}","templated":true}]}}