{"id":554,"date":"2017-02-13T19:18:10","date_gmt":"2017-02-13T19:18:10","guid":{"rendered":"http:\/\/catherinesylvain.com\/blog\/?page_id=554"},"modified":"2019-01-26T16:12:30","modified_gmt":"2019-01-26T16:12:30","slug":"devenir","status":"publish","type":"page","link":"http:\/\/catherinesylvain.com\/blog\/?page_id=554","title":{"rendered":"Devenir (art public)"},"content":{"rendered":"<p class=\"p1\"><span class=\"s1\">2016, \u00c9cole primaire Bellefeuille,\u00a0Saint-J\u00e9r\u00f4me<\/span><\/p>\n<p class=\"p1\"><span class=\"s1\">Mat\u00e9riau: Aluminium.\u00a0R\u00e9alisation:\u00a0M&amp;B M\u00e9talliers Installation: Infravert<\/span><\/p>\n<p class=\"p1\"><span class=\"s1\">Projet r\u00e9alis\u00e9 dans le cadre de la Politique d\u2019int\u00e9gration des arts et de l\u2019architecture du Minist\u00e8re de la Culture et des Communications du Qu\u00e9bec.<\/span><\/p>\n<p class=\"p1\"><a href=\"https:\/\/i1.wp.com\/catherinesylvain.com\/blog\/wp-content\/uploads\/2017\/02\/C_SYLVAIN_oeuvre_bellefeuille.jpg\"><img loading=\"lazy\" class=\"alignnone size-full wp-image-549\" src=\"https:\/\/i1.wp.com\/catherinesylvain.com\/blog\/wp-content\/uploads\/2017\/02\/C_SYLVAIN_oeuvre_bellefeuille.jpg?resize=1140%2C855\" alt=\"C_SYLVAIN_oeuvre_bellefeuille\" width=\"1140\" height=\"855\" srcset=\"https:\/\/i1.wp.com\/catherinesylvain.com\/blog\/wp-content\/uploads\/2017\/02\/C_SYLVAIN_oeuvre_bellefeuille.jpg?w=1200 1200w, https:\/\/i1.wp.com\/catherinesylvain.com\/blog\/wp-content\/uploads\/2017\/02\/C_SYLVAIN_oeuvre_bellefeuille.jpg?resize=300%2C225 300w, https:\/\/i1.wp.com\/catherinesylvain.com\/blog\/wp-content\/uploads\/2017\/02\/C_SYLVAIN_oeuvre_bellefeuille.jpg?resize=1024%2C768 1024w, https:\/\/i1.wp.com\/catherinesylvain.com\/blog\/wp-content\/uploads\/2017\/02\/C_SYLVAIN_oeuvre_bellefeuille.jpg?resize=373%2C280 373w\" sizes=\"(max-width: 1140px) 100vw, 1140px\" data-recalc-dims=\"1\" \/><\/a><\/p>\n","protected":false},"excerpt":{"rendered":"<p>2016, \u00c9cole primaire Bellefeuille,\u00a0Saint-J\u00e9r\u00f4me Mat\u00e9riau: Aluminium.\u00a0R\u00e9alisation:\u00a0M&amp;B M\u00e9talliers Installation: Infravert Projet r\u00e9alis\u00e9 dans le cadre de la Politique d\u2019int\u00e9gration des arts et de l\u2019architecture du Minist\u00e8re de la Culture et des Communications du Qu\u00e9bec.<\/p>\n","protected":false},"author":1,"featured_media":0,"parent":0,"menu_order":0,"comment_status":"closed","ping_status":"open","template":"","meta":{"spay_email":""},"_links":{"self":[{"href":"http:\/\/catherinesylvain.com\/blog\/index.php?rest_route=\/wp\/v2\/pages\/554"}],"collection":[{"href":"http:\/\/catherinesylvain.com\/blog\/index.php?rest_route=\/wp\/v2\/pages"}],"about":[{"href":"http:\/\/catherinesylvain.com\/blog\/index.php?rest_route=\/wp\/v2\/types\/page"}],"author":[{"embeddable":true,"href":"http:\/\/catherinesylvain.com\/blog\/index.php?rest_route=\/wp\/v2\/users\/1"}],"replies":[{"embeddable":true,"href":"http:\/\/catherinesylvain.com\/blog\/index.php?rest_route=%2Fwp%2Fv2%2Fcomments&post=554"}],"version-history":[{"count":2,"href":"http:\/\/catherinesylvain.com\/blog\/index.php?rest_route=\/wp\/v2\/pages\/554\/revisions"}],"predecessor-version":[{"id":556,"href":"http:\/\/catherinesylvain.com\/blog\/index.php?rest_route=\/wp\/v2\/pages\/554\/revisions\/556"}],"wp:attachment":[{"href":"http:\/\/catherinesylvain.com\/blog\/index.php?rest_route=%2Fwp%2Fv2%2Fmedia&parent=554"}],"curies":[{"name":"wp","href":"https:\/\/api.w.org\/{rel}","templated":true}]}}