{"id":398,"date":"2014-10-18T17:19:28","date_gmt":"2014-10-18T17:19:28","guid":{"rendered":"http:\/\/catherinesylvain.com\/blog\/?page_id=398"},"modified":"2019-01-29T01:15:24","modified_gmt":"2019-01-29T01:15:24","slug":"demarche","status":"publish","type":"page","link":"http:\/\/catherinesylvain.com\/blog\/?page_id=398","title":{"rendered":"D\u00e9marche"},"content":{"rendered":"\n<p>Je pratique la sculpture car elle occupe la troisi\u00e8me dimension comme notre corps&nbsp;; je crois que cette particularit\u00e9 lui donne le pouvoir de nous interpeller physiquement et de sentir sa pr\u00e9sence. J\u2019exploite ce pouvoir propre \u00e0 la sculpture dans mes \u0153uvres en jouant entre autres avec le rapport d\u2019\u00e9chelle ; l\u2019\u0153uvre est tant\u00f4t gigantesque et confronte le spectateur, et, \u00e0 d\u2019autres moments, elle est une accumulation de miniatures qui l\u2019interpelle en infiltrant son imaginaire plus sournoisement. J\u2019utilise les \u00e9tats des mati\u00e8res et mat\u00e9riaux, leurs caract\u00e9ristiques, leurs possibilit\u00e9s et leurs limites et je soumets ceux-ci \u00e0 diff\u00e9rents proc\u00e9d\u00e9s pour construire des formes. Ces formes, absraites ou figuratives, solides ou molles, d\u2019aspect construit ou d\u00e9construit, etc. \u00e9voquent, par analogie, notre rapport au monde.<\/p>\n\n\n\n<p>.<\/p>\n\n\n\n<p>Dans ma pratique en art actuel je tente de cr\u00e9er un univers o\u00f9 la peau ne serait plus une cloison \u00e9tanche entre le monde et soi. L\u2019hypoth\u00e8se \u00e0 la base de ma d\u00e9marche est que si notre identit\u00e9 se d\u00e9finit \u00e0 travers les relations qu\u2019on entretient avec les autres et avec notre environnement, par cons\u00e9quent, cr\u00e9er des objets qui donnent \u00e0 voir ces liens, serait cr\u00e9er une voie d\u2019acc\u00e8s \u00e0 l\u2019identit\u00e9 d\u2019une personne. J\u2019utilise la sculpture comme une rupture dans l\u2019uniformit\u00e9 du quotidien, et comme \u00e9l\u00e9ment servant \u00e0 d\u00e9clencher un questionnement profond sur l\u2019identit\u00e9, sur les codes r\u00e9gissant les relations entre les gens et sur notre rapport \u00e0 l\u2019autre et \u00e0 notre environnement. La sculpture est employ\u00e9e comme un miroir qui d\u00e9forme, qui amplifie la r\u00e9alit\u00e9 ou qui donne \u00e0 voir ce qu\u2019on ne voit pas et ce, afin de faire jaillir un sens du quotidien et d\u2019en permettre une relecture. L\u2019emploi du blanc est une constante dans mon travail elle permet de laisser la place \u00e0 ce qui est propre \u00e0 la sculpture et \u00e0 sa mat\u00e9rialit\u00e9 pour faire sens.&nbsp;<\/p>\n","protected":false},"excerpt":{"rendered":"<p>Je pratique la sculpture car elle occupe la troisi\u00e8me dimension comme notre corps&nbsp;; je crois que cette particularit\u00e9 lui donne le pouvoir de nous interpeller physiquement et de sentir sa pr\u00e9sence. J\u2019exploite ce pouvoir propre \u00e0 la sculpture dans mes \u0153uvres en jouant entre autres avec le rapport d\u2019\u00e9chelle ; l\u2019\u0153uvre est tant\u00f4t gigantesque et<\/p>\n<div><a class=\"btn-filled btn\" href=\"http:\/\/catherinesylvain.com\/blog\/?page_id=398\" title=\"D\u00e9marche\">Lire la suite<\/a><\/div>\n","protected":false},"author":1,"featured_media":0,"parent":0,"menu_order":0,"comment_status":"closed","ping_status":"closed","template":"","meta":{"spay_email":""},"_links":{"self":[{"href":"http:\/\/catherinesylvain.com\/blog\/index.php?rest_route=\/wp\/v2\/pages\/398"}],"collection":[{"href":"http:\/\/catherinesylvain.com\/blog\/index.php?rest_route=\/wp\/v2\/pages"}],"about":[{"href":"http:\/\/catherinesylvain.com\/blog\/index.php?rest_route=\/wp\/v2\/types\/page"}],"author":[{"embeddable":true,"href":"http:\/\/catherinesylvain.com\/blog\/index.php?rest_route=\/wp\/v2\/users\/1"}],"replies":[{"embeddable":true,"href":"http:\/\/catherinesylvain.com\/blog\/index.php?rest_route=%2Fwp%2Fv2%2Fcomments&post=398"}],"version-history":[{"count":8,"href":"http:\/\/catherinesylvain.com\/blog\/index.php?rest_route=\/wp\/v2\/pages\/398\/revisions"}],"predecessor-version":[{"id":814,"href":"http:\/\/catherinesylvain.com\/blog\/index.php?rest_route=\/wp\/v2\/pages\/398\/revisions\/814"}],"wp:attachment":[{"href":"http:\/\/catherinesylvain.com\/blog\/index.php?rest_route=%2Fwp%2Fv2%2Fmedia&parent=398"}],"curies":[{"name":"wp","href":"https:\/\/api.w.org\/{rel}","templated":true}]}}