{"id":195,"date":"2014-10-18T15:02:56","date_gmt":"2014-10-18T15:02:56","guid":{"rendered":"http:\/\/catherinesylvain.com\/blog\/?page_id=195"},"modified":"2019-01-26T19:16:58","modified_gmt":"2019-01-26T19:16:58","slug":"terrains-interieurs-art-public","status":"publish","type":"page","link":"http:\/\/catherinesylvain.com\/blog\/?page_id=195","title":{"rendered":"Terrains int\u00e9rieurs (art public)"},"content":{"rendered":"<p>2012, Centre sportif r\u00e9gional Memphr\u00e9magog, Magog<br \/>\nMat\u00e9riaux: Acier inoxydable, peinture \u00e9lectrostatique cuite, b\u00e9ton.\u00a0R\u00e9alisation: Louis Barrette<br \/>\nDimensions : 525 x 350 x 350 cm<\/p>\n<p>Projet r\u00e9alis\u00e9 dans le cadre de la Politique d&rsquo;int\u00e9gration des arts et de l&rsquo;architecture du Minist\u00e8re de la Culture et des Communications du Qu\u00e9bec.<\/p>\n<p><a href=\"https:\/\/i0.wp.com\/catherinesylvain.com\/blog\/wp-content\/uploads\/2014\/10\/C_Sylvain_Terrains_11.jpg\"><img loading=\"lazy\" class=\"alignnone size-full wp-image-344\" src=\"https:\/\/i0.wp.com\/catherinesylvain.com\/blog\/wp-content\/uploads\/2014\/10\/C_Sylvain_Terrains_11.jpg?resize=1140%2C755\" alt=\"C_Sylvain_Terrains_11\" width=\"1140\" height=\"755\" srcset=\"https:\/\/i0.wp.com\/catherinesylvain.com\/blog\/wp-content\/uploads\/2014\/10\/C_Sylvain_Terrains_11.jpg?w=2464 2464w, https:\/\/i0.wp.com\/catherinesylvain.com\/blog\/wp-content\/uploads\/2014\/10\/C_Sylvain_Terrains_11.jpg?resize=300%2C198 300w, https:\/\/i0.wp.com\/catherinesylvain.com\/blog\/wp-content\/uploads\/2014\/10\/C_Sylvain_Terrains_11.jpg?resize=1024%2C678 1024w, https:\/\/i0.wp.com\/catherinesylvain.com\/blog\/wp-content\/uploads\/2014\/10\/C_Sylvain_Terrains_11.jpg?resize=1920%2C1271 1920w, https:\/\/i0.wp.com\/catherinesylvain.com\/blog\/wp-content\/uploads\/2014\/10\/C_Sylvain_Terrains_11.jpg?w=2280 2280w\" sizes=\"(max-width: 1140px) 100vw, 1140px\" data-recalc-dims=\"1\" \/><\/a><\/p>\n<p>L\u2019\u0153uvre s\u2019inspire de la vocation du complexe sportif qui est un lieu consacr\u00e9 \u00e0 la pratique du sport. L\u2019ic\u00f4ne de la t\u00eate a \u00e9t\u00e9 choisi comme \u00e9l\u00e9ment central car celle-ci repr\u00e9sente bien l\u2019implication, non seulement du corps dans l\u2019activit\u00e9 physique, mais de la personne en sa totalit\u00e9. La sculpture se compose ainsi de quatre t\u00eates surdimensionn\u00e9es de diff\u00e9rentes grandeurs qui sont cr\u00e9\u00e9es par des assemblages de plans. Sur chacune des t\u00eates, des dessins sont d\u00e9coup\u00e9s transformant ainsi chacune d\u2019elles en un lieu ou en un objet associ\u00e9 \u00e0 la pratique d\u2019un sport. La t\u00eate devient tant\u00f4t un terrain de sport gr\u00e2ce aux \u00e9l\u00e9ments graphiques qui rappellent les d\u00e9limitations des diff\u00e9rentes zones., une piscine et ses couloirs, un ballon de basketball, un ballon de soccer ou m\u00eame le lieu de rencontre d\u2019individus qui forment une \u00e9quipe.<\/p>\n<p>La t\u00eate est un espace mental, c\u2019est un lieu en soi: lieu o\u00f9 on imagine une strat\u00e9gie pour d\u00e9jouer les joueurs adverses, lieu envahi par la passion du sport, lieu de concentration o\u00f9 l\u2019on puise force et pers\u00e9v\u00e9rance pour atteindre un objectif, lieu o\u00f9 prend racine l\u2019appartenance \u00e0 une \u00e9quipe et la coop\u00e9ration. L\u2019exp\u00e9rience acquise par la pratique d\u2019un sport se grave dans notre esprit, nous forme et nous transforme.<\/p>\n<p><a href=\"https:\/\/i0.wp.com\/catherinesylvain.com\/blog\/wp-content\/uploads\/2014\/10\/C_Sylvain_Terrains_21.jpg\"><img loading=\"lazy\" class=\"alignnone size-full wp-image-345\" src=\"https:\/\/i0.wp.com\/catherinesylvain.com\/blog\/wp-content\/uploads\/2014\/10\/C_Sylvain_Terrains_21.jpg?resize=1140%2C1721\" alt=\"C_Sylvain_Terrains_21\" width=\"1140\" height=\"1721\" srcset=\"https:\/\/i0.wp.com\/catherinesylvain.com\/blog\/wp-content\/uploads\/2014\/10\/C_Sylvain_Terrains_21.jpg?w=1632 1632w, https:\/\/i0.wp.com\/catherinesylvain.com\/blog\/wp-content\/uploads\/2014\/10\/C_Sylvain_Terrains_21.jpg?resize=198%2C300 198w, https:\/\/i0.wp.com\/catherinesylvain.com\/blog\/wp-content\/uploads\/2014\/10\/C_Sylvain_Terrains_21.jpg?resize=678%2C1024 678w, https:\/\/i0.wp.com\/catherinesylvain.com\/blog\/wp-content\/uploads\/2014\/10\/C_Sylvain_Terrains_21.jpg?resize=847%2C1280 847w\" sizes=\"(max-width: 1140px) 100vw, 1140px\" data-recalc-dims=\"1\" \/><\/a><\/p>\n<p><a href=\"https:\/\/i1.wp.com\/catherinesylvain.com\/blog\/wp-content\/uploads\/2014\/10\/C_Sylvain_Terrains_31.jpg\"><img loading=\"lazy\" class=\"alignnone size-full wp-image-346\" src=\"https:\/\/i1.wp.com\/catherinesylvain.com\/blog\/wp-content\/uploads\/2014\/10\/C_Sylvain_Terrains_31.jpg?resize=1140%2C1721\" alt=\"C_Sylvain_Terrains_31\" width=\"1140\" height=\"1721\" srcset=\"https:\/\/i1.wp.com\/catherinesylvain.com\/blog\/wp-content\/uploads\/2014\/10\/C_Sylvain_Terrains_31.jpg?w=1632 1632w, https:\/\/i1.wp.com\/catherinesylvain.com\/blog\/wp-content\/uploads\/2014\/10\/C_Sylvain_Terrains_31.jpg?resize=198%2C300 198w, https:\/\/i1.wp.com\/catherinesylvain.com\/blog\/wp-content\/uploads\/2014\/10\/C_Sylvain_Terrains_31.jpg?resize=678%2C1024 678w, https:\/\/i1.wp.com\/catherinesylvain.com\/blog\/wp-content\/uploads\/2014\/10\/C_Sylvain_Terrains_31.jpg?resize=847%2C1280 847w\" sizes=\"(max-width: 1140px) 100vw, 1140px\" data-recalc-dims=\"1\" \/><\/a><\/p>\n<p><a href=\"https:\/\/i1.wp.com\/catherinesylvain.com\/blog\/wp-content\/uploads\/2014\/10\/C_Sylvain_Terrains_41.jpg\"><img loading=\"lazy\" class=\"alignnone size-full wp-image-347\" src=\"https:\/\/i1.wp.com\/catherinesylvain.com\/blog\/wp-content\/uploads\/2014\/10\/C_Sylvain_Terrains_41.jpg?resize=1140%2C1721\" alt=\"C_Sylvain_Terrains_41\" width=\"1140\" height=\"1721\" srcset=\"https:\/\/i1.wp.com\/catherinesylvain.com\/blog\/wp-content\/uploads\/2014\/10\/C_Sylvain_Terrains_41.jpg?w=1632 1632w, https:\/\/i1.wp.com\/catherinesylvain.com\/blog\/wp-content\/uploads\/2014\/10\/C_Sylvain_Terrains_41.jpg?resize=198%2C300 198w, https:\/\/i1.wp.com\/catherinesylvain.com\/blog\/wp-content\/uploads\/2014\/10\/C_Sylvain_Terrains_41.jpg?resize=678%2C1024 678w, https:\/\/i1.wp.com\/catherinesylvain.com\/blog\/wp-content\/uploads\/2014\/10\/C_Sylvain_Terrains_41.jpg?resize=847%2C1280 847w\" sizes=\"(max-width: 1140px) 100vw, 1140px\" data-recalc-dims=\"1\" \/><\/a><\/p>\n<p><a href=\"https:\/\/i0.wp.com\/catherinesylvain.com\/blog\/wp-content\/uploads\/2014\/10\/10.jpg\"><img loading=\"lazy\" class=\"alignnone size-full wp-image-340\" src=\"https:\/\/i0.wp.com\/catherinesylvain.com\/blog\/wp-content\/uploads\/2014\/10\/10.jpg?resize=1024%2C1536\" alt=\"10\" width=\"1024\" height=\"1536\" srcset=\"https:\/\/i0.wp.com\/catherinesylvain.com\/blog\/wp-content\/uploads\/2014\/10\/10.jpg?w=1024 1024w, https:\/\/i0.wp.com\/catherinesylvain.com\/blog\/wp-content\/uploads\/2014\/10\/10.jpg?resize=200%2C300 200w, https:\/\/i0.wp.com\/catherinesylvain.com\/blog\/wp-content\/uploads\/2014\/10\/10.jpg?resize=682%2C1024 682w, https:\/\/i0.wp.com\/catherinesylvain.com\/blog\/wp-content\/uploads\/2014\/10\/10.jpg?resize=853%2C1280 853w\" sizes=\"(max-width: 1024px) 100vw, 1024px\" data-recalc-dims=\"1\" \/><\/a><\/p>\n","protected":false},"excerpt":{"rendered":"<p>2012, Centre sportif r\u00e9gional Memphr\u00e9magog, Magog Mat\u00e9riaux: Acier inoxydable, peinture \u00e9lectrostatique cuite, b\u00e9ton.\u00a0R\u00e9alisation: Louis Barrette Dimensions : 525 x 350 x 350 cm Projet r\u00e9alis\u00e9 dans le cadre de la Politique d&rsquo;int\u00e9gration des arts et de l&rsquo;architecture du Minist\u00e8re de la Culture et des Communications du Qu\u00e9bec. L\u2019\u0153uvre s\u2019inspire de la vocation du complexe sportif<\/p>\n<div><a class=\"btn-filled btn\" href=\"http:\/\/catherinesylvain.com\/blog\/?page_id=195\" title=\"Terrains int\u00e9rieurs (art public)\">Lire la suite<\/a><\/div>\n","protected":false},"author":1,"featured_media":0,"parent":0,"menu_order":0,"comment_status":"closed","ping_status":"open","template":"","meta":{"spay_email":""},"_links":{"self":[{"href":"http:\/\/catherinesylvain.com\/blog\/index.php?rest_route=\/wp\/v2\/pages\/195"}],"collection":[{"href":"http:\/\/catherinesylvain.com\/blog\/index.php?rest_route=\/wp\/v2\/pages"}],"about":[{"href":"http:\/\/catherinesylvain.com\/blog\/index.php?rest_route=\/wp\/v2\/types\/page"}],"author":[{"embeddable":true,"href":"http:\/\/catherinesylvain.com\/blog\/index.php?rest_route=\/wp\/v2\/users\/1"}],"replies":[{"embeddable":true,"href":"http:\/\/catherinesylvain.com\/blog\/index.php?rest_route=%2Fwp%2Fv2%2Fcomments&post=195"}],"version-history":[{"count":10,"href":"http:\/\/catherinesylvain.com\/blog\/index.php?rest_route=\/wp\/v2\/pages\/195\/revisions"}],"predecessor-version":[{"id":508,"href":"http:\/\/catherinesylvain.com\/blog\/index.php?rest_route=\/wp\/v2\/pages\/195\/revisions\/508"}],"wp:attachment":[{"href":"http:\/\/catherinesylvain.com\/blog\/index.php?rest_route=%2Fwp%2Fv2%2Fmedia&parent=195"}],"curies":[{"name":"wp","href":"https:\/\/api.w.org\/{rel}","templated":true}]}}