{"id":193,"date":"2014-10-18T15:00:30","date_gmt":"2014-10-18T15:00:30","guid":{"rendered":"http:\/\/catherinesylvain.com\/blog\/?page_id=193"},"modified":"2019-01-26T16:12:30","modified_gmt":"2019-01-26T16:12:30","slug":"equation-poetique-art-public","status":"publish","type":"page","link":"http:\/\/catherinesylvain.com\/blog\/?page_id=193","title":{"rendered":"\u00c9quation po\u00e9tique (art public)"},"content":{"rendered":"<p>2013, \u00c9cole des Grands-Vents, Commission scolaire de la Seigneurie-des-Mille-Iles, Sainte-Marthe-sur-le-Lac<br \/>\nMat\u00e9riaux: Laiton, acier inoxydable, aluminium.\u00a0R\u00e9alisation: Louis Barrette.<\/p>\n<p>Projet r\u00e9alis\u00e9 dans le cadre de la Politique d&rsquo;int\u00e9gration des arts et de l&rsquo;architecture du Minist\u00e8re de la Culture et des Communications du Qu\u00e9bec.<\/p>\n<p><a href=\"https:\/\/i2.wp.com\/catherinesylvain.com\/blog\/wp-content\/uploads\/2014\/10\/C_Sylvain_\u00c9quation11.jpg\"><img loading=\"lazy\" class=\"alignnone size-full wp-image-341\" src=\"https:\/\/i2.wp.com\/catherinesylvain.com\/blog\/wp-content\/uploads\/2014\/10\/C_Sylvain_\u00c9quation11.jpg?resize=1140%2C755\" alt=\"C_Sylvain_\u00c9quation11\" width=\"1140\" height=\"755\" srcset=\"https:\/\/i2.wp.com\/catherinesylvain.com\/blog\/wp-content\/uploads\/2014\/10\/C_Sylvain_\u00c9quation11.jpg?w=2464 2464w, https:\/\/i2.wp.com\/catherinesylvain.com\/blog\/wp-content\/uploads\/2014\/10\/C_Sylvain_\u00c9quation11.jpg?resize=300%2C198 300w, https:\/\/i2.wp.com\/catherinesylvain.com\/blog\/wp-content\/uploads\/2014\/10\/C_Sylvain_\u00c9quation11.jpg?resize=1024%2C678 1024w, https:\/\/i2.wp.com\/catherinesylvain.com\/blog\/wp-content\/uploads\/2014\/10\/C_Sylvain_\u00c9quation11.jpg?resize=1920%2C1271 1920w, https:\/\/i2.wp.com\/catherinesylvain.com\/blog\/wp-content\/uploads\/2014\/10\/C_Sylvain_\u00c9quation11.jpg?w=2280 2280w\" sizes=\"(max-width: 1140px) 100vw, 1140px\" data-recalc-dims=\"1\" \/><\/a><\/p>\n<p>\u00c9quation po\u00e9tique s\u2019inspire de la vocation de l\u2019\u00e9difice pour lequel elle a \u00e9t\u00e9 con\u00e7ue : une \u00e9cole, lieu consacr\u00e9 \u00e0 l\u2019acquisition de comp\u00e9tences, \u00e0 la transmission de connaissances, et \u00e0 la valorisation du savoir. Elle est une repr\u00e9sentation m\u00e9taphorique du processus d\u2019apprentissage qui construit chaque \u00eatre petit \u00e0 petit \u00e0 tous les jours depuis sa naissance: \u00e9quation invisible mais si importante entre ce que nous voyons, entendons, goutons, touchons, vivons et la personne que l\u2019on devient, qui en est la somme. D\u2019o\u00f9 le titre donn\u00e9 \u00e0 l\u2019\u0153uvre : \u00c9quation po\u00e9tique. La sculpture fait r\u00e9f\u00e9rence \u00e0 l\u2019univers de l\u2019enfance par le langage et l\u2019\u00e9chelle employ\u00e9s. Le tr\u00e8s grand et le tr\u00e8s petit s\u2019y rencontrent pour cr\u00e9er un monde imaginaire o\u00f9 tout est susceptible de cohabiter de fa\u00e7on non rationnelle mais plut\u00f4t po\u00e9tique, comme dans la t\u00eate d\u2019un enfant. La sculpture est compos\u00e9e de plusieurs formes qui symbolisent une multiplicit\u00e9 de stimuli qui font r\u00e9f\u00e9rences \u00e0 des \u00e9l\u00e9ments plus ou moins reconnaissables: nuage, feuilles, formes de goutte, forme organique, formes g\u00e9om\u00e9triques et phylact\u00e8re. La rencontre de tous ces \u00e9l\u00e9ments cr\u00e9e un univers irrationnel qui semble tout droit sorti de l\u2019imaginaire. Ces \u00e9l\u00e9ments convergent vers un point : une oreille qui repr\u00e9sente ce passage entre le monde ext\u00e9rieur et l\u2019int\u00e9rieur du corps o\u00f9 ces stimuli s\u2019y d\u00e9posent, contribuant \u00e0 b\u00e2tir ce que chacun de nous est.<\/p>\n<p><a href=\"https:\/\/i1.wp.com\/catherinesylvain.com\/blog\/wp-content\/uploads\/2014\/10\/03.jpg\"><img loading=\"lazy\" class=\"alignnone size-full wp-image-331\" src=\"https:\/\/i1.wp.com\/catherinesylvain.com\/blog\/wp-content\/uploads\/2014\/10\/03.jpg?resize=1024%2C1546\" alt=\"03\" width=\"1024\" height=\"1546\" srcset=\"https:\/\/i1.wp.com\/catherinesylvain.com\/blog\/wp-content\/uploads\/2014\/10\/03.jpg?w=1024 1024w, https:\/\/i1.wp.com\/catherinesylvain.com\/blog\/wp-content\/uploads\/2014\/10\/03.jpg?resize=198%2C300 198w, https:\/\/i1.wp.com\/catherinesylvain.com\/blog\/wp-content\/uploads\/2014\/10\/03.jpg?resize=678%2C1024 678w, https:\/\/i1.wp.com\/catherinesylvain.com\/blog\/wp-content\/uploads\/2014\/10\/03.jpg?resize=847%2C1280 847w\" sizes=\"(max-width: 1024px) 100vw, 1024px\" data-recalc-dims=\"1\" \/><\/a><\/p>\n<p><a href=\"https:\/\/i0.wp.com\/catherinesylvain.com\/blog\/wp-content\/uploads\/2014\/10\/C_Sylvain_\u00c9quation31.jpg\"><img loading=\"lazy\" class=\"alignnone size-full wp-image-342\" src=\"https:\/\/i0.wp.com\/catherinesylvain.com\/blog\/wp-content\/uploads\/2014\/10\/C_Sylvain_\u00c9quation31.jpg?resize=1140%2C1721\" alt=\"C_Sylvain_\u00c9quation31\" width=\"1140\" height=\"1721\" srcset=\"https:\/\/i0.wp.com\/catherinesylvain.com\/blog\/wp-content\/uploads\/2014\/10\/C_Sylvain_\u00c9quation31.jpg?w=1632 1632w, https:\/\/i0.wp.com\/catherinesylvain.com\/blog\/wp-content\/uploads\/2014\/10\/C_Sylvain_\u00c9quation31.jpg?resize=198%2C300 198w, https:\/\/i0.wp.com\/catherinesylvain.com\/blog\/wp-content\/uploads\/2014\/10\/C_Sylvain_\u00c9quation31.jpg?resize=678%2C1024 678w, https:\/\/i0.wp.com\/catherinesylvain.com\/blog\/wp-content\/uploads\/2014\/10\/C_Sylvain_\u00c9quation31.jpg?resize=847%2C1280 847w\" sizes=\"(max-width: 1140px) 100vw, 1140px\" data-recalc-dims=\"1\" \/><\/a><\/p>\n<p><a href=\"https:\/\/i0.wp.com\/catherinesylvain.com\/blog\/wp-content\/uploads\/2014\/10\/04.jpg\"><img loading=\"lazy\" class=\"alignnone size-full wp-image-333\" src=\"https:\/\/i0.wp.com\/catherinesylvain.com\/blog\/wp-content\/uploads\/2014\/10\/04.jpg?resize=1140%2C755\" alt=\"04\" width=\"1140\" height=\"755\" srcset=\"https:\/\/i0.wp.com\/catherinesylvain.com\/blog\/wp-content\/uploads\/2014\/10\/04.jpg?w=1546 1546w, https:\/\/i0.wp.com\/catherinesylvain.com\/blog\/wp-content\/uploads\/2014\/10\/04.jpg?resize=300%2C198 300w, https:\/\/i0.wp.com\/catherinesylvain.com\/blog\/wp-content\/uploads\/2014\/10\/04.jpg?resize=1024%2C678 1024w\" sizes=\"(max-width: 1140px) 100vw, 1140px\" data-recalc-dims=\"1\" \/><\/a><\/p>\n<p><a href=\"https:\/\/i2.wp.com\/catherinesylvain.com\/blog\/wp-content\/uploads\/2014\/10\/C_Sylvain_\u00c9quation51.jpg\"><img loading=\"lazy\" class=\"alignnone size-full wp-image-343\" src=\"https:\/\/i2.wp.com\/catherinesylvain.com\/blog\/wp-content\/uploads\/2014\/10\/C_Sylvain_\u00c9quation51.jpg?resize=1140%2C1721\" alt=\"C_Sylvain_\u00c9quation51\" width=\"1140\" height=\"1721\" srcset=\"https:\/\/i2.wp.com\/catherinesylvain.com\/blog\/wp-content\/uploads\/2014\/10\/C_Sylvain_\u00c9quation51.jpg?w=1632 1632w, https:\/\/i2.wp.com\/catherinesylvain.com\/blog\/wp-content\/uploads\/2014\/10\/C_Sylvain_\u00c9quation51.jpg?resize=198%2C300 198w, https:\/\/i2.wp.com\/catherinesylvain.com\/blog\/wp-content\/uploads\/2014\/10\/C_Sylvain_\u00c9quation51.jpg?resize=678%2C1024 678w, https:\/\/i2.wp.com\/catherinesylvain.com\/blog\/wp-content\/uploads\/2014\/10\/C_Sylvain_\u00c9quation51.jpg?resize=847%2C1280 847w\" sizes=\"(max-width: 1140px) 100vw, 1140px\" data-recalc-dims=\"1\" \/><\/a><\/p>\n<p><a href=\"https:\/\/i1.wp.com\/catherinesylvain.com\/blog\/wp-content\/uploads\/2014\/10\/DSC_4308.jpg\"><img loading=\"lazy\" class=\"alignnone size-full wp-image-491\" src=\"https:\/\/i1.wp.com\/catherinesylvain.com\/blog\/wp-content\/uploads\/2014\/10\/DSC_4308.jpg?resize=1140%2C755\" alt=\"DSC_4308\" width=\"1140\" height=\"755\" srcset=\"https:\/\/i1.wp.com\/catherinesylvain.com\/blog\/wp-content\/uploads\/2014\/10\/DSC_4308.jpg?w=2464 2464w, https:\/\/i1.wp.com\/catherinesylvain.com\/blog\/wp-content\/uploads\/2014\/10\/DSC_4308.jpg?resize=300%2C198 300w, https:\/\/i1.wp.com\/catherinesylvain.com\/blog\/wp-content\/uploads\/2014\/10\/DSC_4308.jpg?resize=1024%2C678 1024w, https:\/\/i1.wp.com\/catherinesylvain.com\/blog\/wp-content\/uploads\/2014\/10\/DSC_4308.jpg?resize=422%2C280 422w, https:\/\/i1.wp.com\/catherinesylvain.com\/blog\/wp-content\/uploads\/2014\/10\/DSC_4308.jpg?w=2280 2280w\" sizes=\"(max-width: 1140px) 100vw, 1140px\" data-recalc-dims=\"1\" \/><\/a><\/p>\n<p>Dimensions :<br \/>\nVolume occup\u00e9 par l\u2019ensemble des objets :<br \/>\nhauteur 350 cm x profondeur 330 cm x largeur  490 cm<br \/>\nDimension de chaque objet :<br \/>\nOreille : 85 x 157 x 45 cm<br \/>\nNuage\/ pyramide 180 x 228 x 112 cm<br \/>\nForme organique: 87 x 135 x 87 cm<br \/>\nGrange feuille : 25 cm x 112 cm x 63 cm<br \/>\nPetite feuille : 72 x 45 x 1 cm<br \/>\nPhylact\u00e8re : 75 x 65 x 1 cm<br \/>\nCube d\u00e9form\u00e9 : 100 x 90 x 90 cm<\/p>\n","protected":false},"excerpt":{"rendered":"<p>2013, \u00c9cole des Grands-Vents, Commission scolaire de la Seigneurie-des-Mille-Iles, Sainte-Marthe-sur-le-Lac Mat\u00e9riaux: Laiton, acier inoxydable, aluminium.\u00a0R\u00e9alisation: Louis Barrette. Projet r\u00e9alis\u00e9 dans le cadre de la Politique d&rsquo;int\u00e9gration des arts et de l&rsquo;architecture du Minist\u00e8re de la Culture et des Communications du Qu\u00e9bec. \u00c9quation po\u00e9tique s\u2019inspire de la vocation de l\u2019\u00e9difice pour lequel elle a \u00e9t\u00e9 con\u00e7ue<\/p>\n<div><a class=\"btn-filled btn\" href=\"http:\/\/catherinesylvain.com\/blog\/?page_id=193\" title=\"\u00c9quation po\u00e9tique (art public)\">Lire la suite<\/a><\/div>\n","protected":false},"author":1,"featured_media":0,"parent":0,"menu_order":0,"comment_status":"closed","ping_status":"open","template":"","meta":{"spay_email":""},"_links":{"self":[{"href":"http:\/\/catherinesylvain.com\/blog\/index.php?rest_route=\/wp\/v2\/pages\/193"}],"collection":[{"href":"http:\/\/catherinesylvain.com\/blog\/index.php?rest_route=\/wp\/v2\/pages"}],"about":[{"href":"http:\/\/catherinesylvain.com\/blog\/index.php?rest_route=\/wp\/v2\/types\/page"}],"author":[{"embeddable":true,"href":"http:\/\/catherinesylvain.com\/blog\/index.php?rest_route=\/wp\/v2\/users\/1"}],"replies":[{"embeddable":true,"href":"http:\/\/catherinesylvain.com\/blog\/index.php?rest_route=%2Fwp%2Fv2%2Fcomments&post=193"}],"version-history":[{"count":16,"href":"http:\/\/catherinesylvain.com\/blog\/index.php?rest_route=\/wp\/v2\/pages\/193\/revisions"}],"predecessor-version":[{"id":507,"href":"http:\/\/catherinesylvain.com\/blog\/index.php?rest_route=\/wp\/v2\/pages\/193\/revisions\/507"}],"wp:attachment":[{"href":"http:\/\/catherinesylvain.com\/blog\/index.php?rest_route=%2Fwp%2Fv2%2Fmedia&parent=193"}],"curies":[{"name":"wp","href":"https:\/\/api.w.org\/{rel}","templated":true}]}}