{"id":191,"date":"2014-10-18T14:56:55","date_gmt":"2014-10-18T14:56:55","guid":{"rendered":"http:\/\/catherinesylvain.com\/blog\/?page_id=191"},"modified":"2019-01-26T19:16:58","modified_gmt":"2019-01-26T19:16:58","slug":"point-dorigine-art-public","status":"publish","type":"page","link":"http:\/\/catherinesylvain.com\/blog\/?page_id=191","title":{"rendered":"Point d&rsquo;origine (art public)"},"content":{"rendered":"<p>2014, Place Raymond-Plante, arrondissement Rosemont angle des rues Saint-Hubert et boulevard Rosemont, Montr\u00e9al<br \/>\nMat\u00e9riaux: Aluminium, aluminium grav\u00e9, granit. R\u00e9alisation Louis Barrette (Heritage Grade)<\/p>\n<p>Collection d&rsquo;art public de la ville de Montr\u00e9al<\/p>\n<p><em>Point d\u2019origine<\/em> est intimement li\u00e9e \u00e0 l&rsquo;histoire du quartier. Elle constitue un hommage aux ouvriers d\u2019hier et d\u2019aujourd\u2019hui qui ont fait na\u00eetre Rosemont, plus particuli\u00e8rement aux travailleurs des anciens ateliers municipaux qui ont exerc\u00e9, de 1909 \u00e0 2005, diff\u00e9rents m\u00e9tiers sur le site m\u00eame o\u00f9 l\u2019\u0153uvre est install\u00e9e. L&rsquo;\u0153uvre repr\u00e9sente une main, celle de l\u2019ouvrier forte et habile, qui peut r\u00e9parer ou construire potentiellement toute chose. Faite d\u2019un assemblage de formes g\u00e9om\u00e9triques angulaires cette main emprunte les apparences des objets industriels qu&rsquo;elle produit sugg\u00e9rant que derri\u00e8re tout ce qui nous entoure il y a implicitement un ouvrier.<\/p>\n<p><a href=\"https:\/\/i1.wp.com\/catherinesylvain.com\/blog\/wp-content\/uploads\/2014\/10\/01.jpg\"><img loading=\"lazy\" class=\"alignnone size-full wp-image-329\" src=\"https:\/\/i1.wp.com\/catherinesylvain.com\/blog\/wp-content\/uploads\/2014\/10\/01.jpg?resize=1024%2C1546\" alt=\"01\" width=\"1024\" height=\"1546\" srcset=\"https:\/\/i1.wp.com\/catherinesylvain.com\/blog\/wp-content\/uploads\/2014\/10\/01.jpg?w=1024 1024w, https:\/\/i1.wp.com\/catherinesylvain.com\/blog\/wp-content\/uploads\/2014\/10\/01.jpg?resize=198%2C300 198w, https:\/\/i1.wp.com\/catherinesylvain.com\/blog\/wp-content\/uploads\/2014\/10\/01.jpg?resize=678%2C1024 678w, https:\/\/i1.wp.com\/catherinesylvain.com\/blog\/wp-content\/uploads\/2014\/10\/01.jpg?resize=847%2C1280 847w\" sizes=\"(max-width: 1024px) 100vw, 1024px\" data-recalc-dims=\"1\" \/><\/a><\/p>\n<p><a href=\"https:\/\/i2.wp.com\/catherinesylvain.com\/blog\/wp-content\/uploads\/2014\/10\/02.jpg\"><img loading=\"lazy\" class=\"alignnone size-full wp-image-339\" src=\"https:\/\/i2.wp.com\/catherinesylvain.com\/blog\/wp-content\/uploads\/2014\/10\/02.jpg?resize=1140%2C755\" alt=\"02\" width=\"1140\" height=\"755\" srcset=\"https:\/\/i2.wp.com\/catherinesylvain.com\/blog\/wp-content\/uploads\/2014\/10\/02.jpg?w=1546 1546w, https:\/\/i2.wp.com\/catherinesylvain.com\/blog\/wp-content\/uploads\/2014\/10\/02.jpg?resize=300%2C198 300w, https:\/\/i2.wp.com\/catherinesylvain.com\/blog\/wp-content\/uploads\/2014\/10\/02.jpg?resize=1024%2C678 1024w\" sizes=\"(max-width: 1140px) 100vw, 1140px\" data-recalc-dims=\"1\" \/><\/a><\/p>\n<p><a href=\"https:\/\/i0.wp.com\/catherinesylvain.com\/blog\/wp-content\/uploads\/2014\/10\/Main_dos1.jpg\"><img loading=\"lazy\" class=\"alignnone size-full wp-image-351\" src=\"https:\/\/i0.wp.com\/catherinesylvain.com\/blog\/wp-content\/uploads\/2014\/10\/Main_dos1.jpg?resize=1140%2C755\" alt=\"Main_dos1\" width=\"1140\" height=\"755\" srcset=\"https:\/\/i0.wp.com\/catherinesylvain.com\/blog\/wp-content\/uploads\/2014\/10\/Main_dos1.jpg?w=4928 4928w, https:\/\/i0.wp.com\/catherinesylvain.com\/blog\/wp-content\/uploads\/2014\/10\/Main_dos1.jpg?resize=300%2C198 300w, https:\/\/i0.wp.com\/catherinesylvain.com\/blog\/wp-content\/uploads\/2014\/10\/Main_dos1.jpg?resize=1024%2C678 1024w, https:\/\/i0.wp.com\/catherinesylvain.com\/blog\/wp-content\/uploads\/2014\/10\/Main_dos1.jpg?resize=1920%2C1271 1920w, https:\/\/i0.wp.com\/catherinesylvain.com\/blog\/wp-content\/uploads\/2014\/10\/Main_dos1.jpg?w=2280 2280w, https:\/\/i0.wp.com\/catherinesylvain.com\/blog\/wp-content\/uploads\/2014\/10\/Main_dos1.jpg?w=3420 3420w\" sizes=\"(max-width: 1140px) 100vw, 1140px\" data-recalc-dims=\"1\" \/><\/a><\/p>\n<p><a href=\"https:\/\/i1.wp.com\/catherinesylvain.com\/blog\/wp-content\/uploads\/2014\/10\/Main_cote1.jpg\"><img loading=\"lazy\" class=\"alignnone size-full wp-image-350\" src=\"https:\/\/i1.wp.com\/catherinesylvain.com\/blog\/wp-content\/uploads\/2014\/10\/Main_cote1.jpg?resize=1140%2C755\" alt=\"Main_cote1\" width=\"1140\" height=\"755\" srcset=\"https:\/\/i1.wp.com\/catherinesylvain.com\/blog\/wp-content\/uploads\/2014\/10\/Main_cote1.jpg?w=4928 4928w, https:\/\/i1.wp.com\/catherinesylvain.com\/blog\/wp-content\/uploads\/2014\/10\/Main_cote1.jpg?resize=300%2C198 300w, https:\/\/i1.wp.com\/catherinesylvain.com\/blog\/wp-content\/uploads\/2014\/10\/Main_cote1.jpg?resize=1024%2C678 1024w, https:\/\/i1.wp.com\/catherinesylvain.com\/blog\/wp-content\/uploads\/2014\/10\/Main_cote1.jpg?resize=1920%2C1271 1920w, https:\/\/i1.wp.com\/catherinesylvain.com\/blog\/wp-content\/uploads\/2014\/10\/Main_cote1.jpg?w=2280 2280w, https:\/\/i1.wp.com\/catherinesylvain.com\/blog\/wp-content\/uploads\/2014\/10\/Main_cote1.jpg?w=3420 3420w\" sizes=\"(max-width: 1140px) 100vw, 1140px\" data-recalc-dims=\"1\" \/><\/a><\/p>\n<p><a href=\"https:\/\/i0.wp.com\/catherinesylvain.com\/blog\/wp-content\/uploads\/2014\/10\/main_gros_plan_31.jpg\"><img loading=\"lazy\" class=\"alignnone size-full wp-image-348\" src=\"https:\/\/i0.wp.com\/catherinesylvain.com\/blog\/wp-content\/uploads\/2014\/10\/main_gros_plan_31.jpg?resize=1140%2C755\" alt=\"main_gros_plan_31\" width=\"1140\" height=\"755\" srcset=\"https:\/\/i0.wp.com\/catherinesylvain.com\/blog\/wp-content\/uploads\/2014\/10\/main_gros_plan_31.jpg?w=4928 4928w, https:\/\/i0.wp.com\/catherinesylvain.com\/blog\/wp-content\/uploads\/2014\/10\/main_gros_plan_31.jpg?resize=300%2C198 300w, https:\/\/i0.wp.com\/catherinesylvain.com\/blog\/wp-content\/uploads\/2014\/10\/main_gros_plan_31.jpg?resize=1024%2C678 1024w, https:\/\/i0.wp.com\/catherinesylvain.com\/blog\/wp-content\/uploads\/2014\/10\/main_gros_plan_31.jpg?resize=1920%2C1271 1920w, https:\/\/i0.wp.com\/catherinesylvain.com\/blog\/wp-content\/uploads\/2014\/10\/main_gros_plan_31.jpg?w=2280 2280w, https:\/\/i0.wp.com\/catherinesylvain.com\/blog\/wp-content\/uploads\/2014\/10\/main_gros_plan_31.jpg?w=3420 3420w\" sizes=\"(max-width: 1140px) 100vw, 1140px\" data-recalc-dims=\"1\" \/><\/a><\/p>\n<p><a href=\"https:\/\/i0.wp.com\/catherinesylvain.com\/blog\/wp-content\/uploads\/2014\/10\/main_gros_plan1.jpg\"><img loading=\"lazy\" class=\"alignnone size-full wp-image-352\" src=\"https:\/\/i0.wp.com\/catherinesylvain.com\/blog\/wp-content\/uploads\/2014\/10\/main_gros_plan1.jpg?resize=1140%2C1721\" alt=\"main_gros_plan1\" width=\"1140\" height=\"1721\" srcset=\"https:\/\/i0.wp.com\/catherinesylvain.com\/blog\/wp-content\/uploads\/2014\/10\/main_gros_plan1.jpg?w=3264 3264w, https:\/\/i0.wp.com\/catherinesylvain.com\/blog\/wp-content\/uploads\/2014\/10\/main_gros_plan1.jpg?resize=198%2C300 198w, https:\/\/i0.wp.com\/catherinesylvain.com\/blog\/wp-content\/uploads\/2014\/10\/main_gros_plan1.jpg?resize=678%2C1024 678w, https:\/\/i0.wp.com\/catherinesylvain.com\/blog\/wp-content\/uploads\/2014\/10\/main_gros_plan1.jpg?resize=847%2C1280 847w, https:\/\/i0.wp.com\/catherinesylvain.com\/blog\/wp-content\/uploads\/2014\/10\/main_gros_plan1.jpg?w=2280 2280w\" sizes=\"(max-width: 1140px) 100vw, 1140px\" data-recalc-dims=\"1\" \/><\/a><\/p>\n<p><a href=\"https:\/\/i0.wp.com\/catherinesylvain.com\/blog\/wp-content\/uploads\/2014\/10\/Main_ensemble21.jpg\"><img loading=\"lazy\" class=\"alignnone size-full wp-image-353\" src=\"https:\/\/i0.wp.com\/catherinesylvain.com\/blog\/wp-content\/uploads\/2014\/10\/Main_ensemble21.jpg?resize=1140%2C1721\" alt=\"Main_ensemble21\" width=\"1140\" height=\"1721\" srcset=\"https:\/\/i0.wp.com\/catherinesylvain.com\/blog\/wp-content\/uploads\/2014\/10\/Main_ensemble21.jpg?w=3264 3264w, https:\/\/i0.wp.com\/catherinesylvain.com\/blog\/wp-content\/uploads\/2014\/10\/Main_ensemble21.jpg?resize=198%2C300 198w, https:\/\/i0.wp.com\/catherinesylvain.com\/blog\/wp-content\/uploads\/2014\/10\/Main_ensemble21.jpg?resize=678%2C1024 678w, https:\/\/i0.wp.com\/catherinesylvain.com\/blog\/wp-content\/uploads\/2014\/10\/Main_ensemble21.jpg?resize=847%2C1280 847w, https:\/\/i0.wp.com\/catherinesylvain.com\/blog\/wp-content\/uploads\/2014\/10\/Main_ensemble21.jpg?w=2280 2280w\" sizes=\"(max-width: 1140px) 100vw, 1140px\" data-recalc-dims=\"1\" \/><\/a><\/p>\n<p><a href=\"https:\/\/i2.wp.com\/catherinesylvain.com\/blog\/wp-content\/uploads\/2014\/10\/Main_cote_31.jpg\"><img loading=\"lazy\" class=\"alignnone size-full wp-image-349\" src=\"https:\/\/i2.wp.com\/catherinesylvain.com\/blog\/wp-content\/uploads\/2014\/10\/Main_cote_31.jpg?resize=1140%2C755\" alt=\"Main_cote_31\" width=\"1140\" height=\"755\" srcset=\"https:\/\/i2.wp.com\/catherinesylvain.com\/blog\/wp-content\/uploads\/2014\/10\/Main_cote_31.jpg?w=4928 4928w, https:\/\/i2.wp.com\/catherinesylvain.com\/blog\/wp-content\/uploads\/2014\/10\/Main_cote_31.jpg?resize=300%2C198 300w, https:\/\/i2.wp.com\/catherinesylvain.com\/blog\/wp-content\/uploads\/2014\/10\/Main_cote_31.jpg?resize=1024%2C678 1024w, https:\/\/i2.wp.com\/catherinesylvain.com\/blog\/wp-content\/uploads\/2014\/10\/Main_cote_31.jpg?resize=1920%2C1271 1920w, https:\/\/i2.wp.com\/catherinesylvain.com\/blog\/wp-content\/uploads\/2014\/10\/Main_cote_31.jpg?w=2280 2280w, https:\/\/i2.wp.com\/catherinesylvain.com\/blog\/wp-content\/uploads\/2014\/10\/Main_cote_31.jpg?w=3420 3420w\" sizes=\"(max-width: 1140px) 100vw, 1140px\" data-recalc-dims=\"1\" \/><\/a><\/p>\n","protected":false},"excerpt":{"rendered":"<p>2014, Place Raymond-Plante, arrondissement Rosemont angle des rues Saint-Hubert et boulevard Rosemont, Montr\u00e9al Mat\u00e9riaux: Aluminium, aluminium grav\u00e9, granit. R\u00e9alisation Louis Barrette (Heritage Grade) Collection d&rsquo;art public de la ville de Montr\u00e9al Point d\u2019origine est intimement li\u00e9e \u00e0 l&rsquo;histoire du quartier. Elle constitue un hommage aux ouvriers d\u2019hier et d\u2019aujourd\u2019hui qui ont fait na\u00eetre Rosemont, plus<\/p>\n<div><a class=\"btn-filled btn\" href=\"http:\/\/catherinesylvain.com\/blog\/?page_id=191\" title=\"Point d&rsquo;origine (art public)\">Lire la suite<\/a><\/div>\n","protected":false},"author":1,"featured_media":0,"parent":0,"menu_order":0,"comment_status":"closed","ping_status":"open","template":"","meta":{"spay_email":""},"_links":{"self":[{"href":"http:\/\/catherinesylvain.com\/blog\/index.php?rest_route=\/wp\/v2\/pages\/191"}],"collection":[{"href":"http:\/\/catherinesylvain.com\/blog\/index.php?rest_route=\/wp\/v2\/pages"}],"about":[{"href":"http:\/\/catherinesylvain.com\/blog\/index.php?rest_route=\/wp\/v2\/types\/page"}],"author":[{"embeddable":true,"href":"http:\/\/catherinesylvain.com\/blog\/index.php?rest_route=\/wp\/v2\/users\/1"}],"replies":[{"embeddable":true,"href":"http:\/\/catherinesylvain.com\/blog\/index.php?rest_route=%2Fwp%2Fv2%2Fcomments&post=191"}],"version-history":[{"count":10,"href":"http:\/\/catherinesylvain.com\/blog\/index.php?rest_route=\/wp\/v2\/pages\/191\/revisions"}],"predecessor-version":[{"id":497,"href":"http:\/\/catherinesylvain.com\/blog\/index.php?rest_route=\/wp\/v2\/pages\/191\/revisions\/497"}],"wp:attachment":[{"href":"http:\/\/catherinesylvain.com\/blog\/index.php?rest_route=%2Fwp%2Fv2%2Fmedia&parent=191"}],"curies":[{"name":"wp","href":"https:\/\/api.w.org\/{rel}","templated":true}]}}