{"id":170,"date":"2014-10-18T03:44:37","date_gmt":"2014-10-18T03:44:37","guid":{"rendered":"http:\/\/catherinesylvain.com\/blog\/?page_id=170"},"modified":"2019-01-26T16:12:30","modified_gmt":"2019-01-26T16:12:30","slug":"femme-entonnoir","status":"publish","type":"page","link":"http:\/\/catherinesylvain.com\/blog\/?page_id=170","title":{"rendered":"Femme-entonnoir"},"content":{"rendered":"<p>2003, L&rsquo;art qui fait Boum, Montr\u00e9al<\/p>\n<p>Oeuvre expos\u00e9e en permanence dans les jardins du si\u00e8ge social du Cirque du Soleil \u00e0 Montr\u00e9al.<\/p>\n<p><a href=\"https:\/\/i1.wp.com\/catherinesylvain.com\/blog\/wp-content\/uploads\/2014\/10\/14_Femme_entonnoir.jpg\"><img loading=\"lazy\" src=\"https:\/\/i1.wp.com\/catherinesylvain.com\/blog\/wp-content\/uploads\/2014\/10\/14_Femme_entonnoir.jpg?resize=467%2C700\" alt=\"14_Femme_entonnoir\" width=\"467\" height=\"700\" class=\"alignnone size-full wp-image-290\" srcset=\"https:\/\/i1.wp.com\/catherinesylvain.com\/blog\/wp-content\/uploads\/2014\/10\/14_Femme_entonnoir.jpg?w=467 467w, https:\/\/i1.wp.com\/catherinesylvain.com\/blog\/wp-content\/uploads\/2014\/10\/14_Femme_entonnoir.jpg?resize=200%2C300 200w\" sizes=\"(max-width: 467px) 100vw, 467px\" data-recalc-dims=\"1\" \/><\/a><\/p>\n","protected":false},"excerpt":{"rendered":"<p>2003, L&rsquo;art qui fait Boum, Montr\u00e9al Oeuvre expos\u00e9e en permanence dans les jardins du si\u00e8ge social du Cirque du Soleil \u00e0 Montr\u00e9al.<\/p>\n","protected":false},"author":1,"featured_media":0,"parent":0,"menu_order":0,"comment_status":"closed","ping_status":"open","template":"","meta":{"spay_email":""},"_links":{"self":[{"href":"http:\/\/catherinesylvain.com\/blog\/index.php?rest_route=\/wp\/v2\/pages\/170"}],"collection":[{"href":"http:\/\/catherinesylvain.com\/blog\/index.php?rest_route=\/wp\/v2\/pages"}],"about":[{"href":"http:\/\/catherinesylvain.com\/blog\/index.php?rest_route=\/wp\/v2\/types\/page"}],"author":[{"embeddable":true,"href":"http:\/\/catherinesylvain.com\/blog\/index.php?rest_route=\/wp\/v2\/users\/1"}],"replies":[{"embeddable":true,"href":"http:\/\/catherinesylvain.com\/blog\/index.php?rest_route=%2Fwp%2Fv2%2Fcomments&post=170"}],"version-history":[{"count":2,"href":"http:\/\/catherinesylvain.com\/blog\/index.php?rest_route=\/wp\/v2\/pages\/170\/revisions"}],"predecessor-version":[{"id":371,"href":"http:\/\/catherinesylvain.com\/blog\/index.php?rest_route=\/wp\/v2\/pages\/170\/revisions\/371"}],"wp:attachment":[{"href":"http:\/\/catherinesylvain.com\/blog\/index.php?rest_route=%2Fwp%2Fv2%2Fmedia&parent=170"}],"curies":[{"name":"wp","href":"https:\/\/api.w.org\/{rel}","templated":true}]}}