{"id":17,"date":"2014-10-18T00:53:31","date_gmt":"2014-10-18T00:53:31","guid":{"rendered":"http:\/\/catherinesylvain.com\/blog\/?page_id=17"},"modified":"2022-05-01T14:02:05","modified_gmt":"2022-05-01T19:02:05","slug":"curriculum-vitae","status":"publish","type":"page","link":"http:\/\/catherinesylvain.com\/blog\/?page_id=17","title":{"rendered":"CV"},"content":{"rendered":"\n<table  class=\"wp-block-table is-style-regular table table-hover\" ><tbody><tr><td>\n<h4>FORMATION<\/h4>\n<\/td><td><\/td><\/tr><tr><td>2003<\/td><td><strong>Master in Fine Art en sculpture<\/strong> (M.F.A.), Universit\u00e9 Concordia, Montr\u00e9al<\/td><\/tr><tr><td>2000<\/td><td>Stage d\u2019\u00e9tudes \u00e0 l&rsquo;<strong>\u00c9cole nationale sup\u00e9rieure des Beaux-Arts de Paris<\/strong>, atelier de Richard Deacon, France<\/td><\/tr><tr><td>1999<\/td><td><strong>Baccalaur\u00e9at en arts plastiques<\/strong>, Universit\u00e9 Laval, Qu\u00e9bec<\/td><\/tr><tr><td><h4>EXPOSITIONS SOLO<\/h4><\/td><td><\/td><\/tr><tr><td>2019<\/td><td><em>\u00c0 venir :&nbsp;<\/em><strong>G\u00e9ographie&nbsp;<\/strong><span style=\"font-weight: 600;\">multiscalaire<\/span>, OBORO, Montr\u00e9al<\/td><\/tr><tr><td>2006<\/td><td><strong>Le monde mat\u00e9riel, <\/strong>Galerie Horace, Sherbrooke<\/td><\/tr><tr><td>2005<\/td><td><strong>Outils pour exister, <\/strong>Expression centre d&rsquo;exposition, St-Hyacinthe<\/td><\/tr><tr><td>2004<\/td><td><strong>\u00c0 demi \u00e9veill\u00e9, \u00e0 demi endormi<\/strong>, Centre artistique Caravans\u00e9rail<strong>,<\/strong> Rimouski<\/td><\/tr><tr><td>2004<\/td><td><strong>R\u00e9alit\u00e9s subjectives, <\/strong>Centre de diffusion et de production de la photographie VU<strong>,<\/strong> Qu\u00e9bec<\/td><\/tr><tr><td>2004<\/td><td><strong>Petites d\u00e9tresses humaines, <\/strong>Centre d&rsquo;exposition CIRCA<strong>, <\/strong>Montr\u00e9al<\/td><\/tr><tr><td>2003<\/td><td><strong>Femme-chien<\/strong>, performance int\u00e9rireure et ext\u00e9rieure, Galerie Bourget, Parc Lafontaine, M\u00e9tro Mt-Royal, angle Rachel et Christophe-Colomb, Montr\u00e9al<\/td><\/tr><tr><td>2003<\/td><td><strong>Femme-chute<\/strong>, performance int\u00e9rieure (sculpture vivante), dans le cadre de l\u2019exposition <strong><em>The dress show<\/em><\/strong>, Leonard and Bina Ellen Art Gallery, Montr\u00e9al<\/td><\/tr><tr><td>2001<\/td><td><strong>Femme-chute, <\/strong>performance ext\u00e9rieure (sculpture vivante), 377 Fairmount ouest, Montr\u00e9al<\/td><\/tr><tr><td>2001<\/td><td><strong>Sur la terre, sous le ciel,<\/strong> Galerie l\u2019Oeil de poisson, Qu\u00e9bec<\/td><\/tr><tr><td>2001<\/td><td><strong>\u00catre si pr\u00e8s et si loin, si loin et si pr\u00e8s<\/strong><em>, <\/em>performance ext\u00e9rieure (sculpture vivante), rue Overdale, Montr\u00e9al<\/td><\/tr><tr><td><h4>EXPOSITIONS DE GROUPE<\/h4><\/td><td><\/td><\/tr><tr><td>2018<\/td><td><strong>Feu<\/strong>, Maison de la culture Frontenac, Montr\u00e9al, Commissaire: Andr\u00e9-Louis Par\u00e9e<\/td><\/tr><tr><td>2017<\/td><td><strong>La Balade pour la Paix<\/strong>, Mus\u00e9e des Beaux-Arts de Montr\u00e9al, Montr\u00e9al<\/td><\/tr><tr><td>2016<\/td><td><strong>Exposition b\u00e9n\u00e9fice<\/strong>, Centre d&rsquo;exposition CIRCA<strong>, <\/strong>Montr\u00e9al<\/td><\/tr><tr><td>2015<\/td><td><strong>Villes doubles, femmes d\u00e9doubl\u00e9es&nbsp;<\/strong>\/Reflected Cities, Reflecting Women, Gelerie Glendon, Toronto, Commissaire: Jeanne-Elyse Renaud<\/td><\/tr><tr><td>2014<\/td><td><strong>D\u00e9marches<sup>2<\/sup>&nbsp;: exposant <\/strong>deux, Expression centre d&rsquo;exposition, St-Hyacinthe, Commissaire&nbsp;: Johanne Lamoureux<\/td><\/tr><tr><td>2013<\/td><td><strong>Les anciens<\/strong>, Centre artistique Caravans\u00e9rail, Rimouski, Commissaire : Steeve Leroux<\/td><\/tr><tr><td>2011-2016<\/td><td><strong>Zone de libres \u00e9changes<\/strong> \/ Histoire du Symposium international d&rsquo;art contemporain de Baie-Saint-Paul, Mus\u00e9e d\u2019art contemporain de Baie-Saint-Paul, Commissaire : Martin Labrie<\/td><\/tr><tr><td>2010<\/td><td><strong>Tactful Rituals, Liverpool Biennial<\/strong>, Liverpool, Angleterre, Commissaire: Sylvain Campeau<\/td><\/tr><tr><td>2010<\/td><td><strong>L&rsquo;imprim\u00e9 num\u00e9rique en art contemporain<\/strong>, Gallerie Glendon, Toronto<\/td><\/tr><tr><td>2009<\/td><td><strong>L&rsquo;imprim\u00e9 num\u00e9rique en art contemporain<\/strong>, Maison de la culture C\u00f4te-des Neiges, Montr\u00e9al<\/td><\/tr><tr><td>2008<\/td><td><strong>L&rsquo;imprim\u00e9 num\u00e9rique en art contemporain<\/strong>, Centre Sagamie, Alma<\/td><\/tr><tr><td>2008<\/td><td><strong>Intrus\/ Intruders<\/strong>, Mus\u00e9e national des Beaux-Arts du Qu\u00e9bec, Qu\u00e9bec, Commissaire: M\u00e9lanie Boucher<\/td><\/tr><tr><td>2007<\/td><td><strong>Lieux communs<\/strong>, Les Instants Chavir\u00e9s, Montreuil, France, Commissaire: Guillaume Constantin<\/td><\/tr><tr><td>2007<\/td><td><strong>Le lin : chroniques et r\u00e9cits<\/strong>, Vieux-presbyt\u00e8re de Deschambault, Deschambault, Commissaire: Chantal Boulanger<\/td><\/tr><tr><td>2007<\/td><td><strong>Mikado, <\/strong>Centre international art, nature et paysage, Saint-Hilarion, Commissaire: Jean-Claude Rochefort<\/td><\/tr><tr><td>2007<\/td><td><strong>Foire comme si tout allait bien<\/strong>, Centre des arts actuels Skol, Montr\u00e9al<\/td><\/tr><tr><td>2004<\/td><td><strong>Used\/Goods<\/strong>, Exposition collective organis\u00e9e par le collectif cute rate et Articule, &nbsp;Magasin Arm\u00e9e du Salut rue Notre-Dame Ouest, Montr\u00e9al<\/td><\/tr><tr><td>2004<\/td><td><strong>Festival de th\u00e9\u00e2tre de rue de Shawinigan<\/strong>, <em>Petites d\u00e9tresses humaines et autres maux<\/em>, Installation et performances, Shawinigan<\/td><\/tr><tr><td>2003<\/td><td><strong>Kilom\u00e8tr\u2019art 2003, Quand \u00e7a roule, <\/strong>\u00c9v\u00e8nement ext\u00e9rieur sur la piste cyclable <em>Le petit train du Nord<\/em> organis\u00e9 par Praxis art Actuel, Entre St-Faustin-Lac-Carr\u00e9 et Ste-Ad\u00e8le<\/td><\/tr><tr><td>2003<\/td><td><strong>Interventions urbaines, <\/strong>Maison de la culture de Trois-Rivi\u00e8res, Trois-Rivi\u00e8res, Commissaire&nbsp;: Louise Desaulniers<\/td><\/tr><tr><td>2003<\/td><td><strong>L\u2019art qui fait Boum&nbsp;<\/strong>: Triennale de la Rel\u00e8ve en art, March\u00e9 Bonsecours, Montr\u00e9al<\/td><\/tr><tr><td>2003<\/td><td><strong>The dress show\/ La mode dans tout ses \u00e9tats<\/strong>, Leonard and Bina Ellen Art Gallery, + catalogue, Montr\u00e9al, Commissaire : Line Beavis<\/td><\/tr><tr><td>2002<\/td><td><strong>Symposium international d\u2019art contemporain de Baie-Saint-Paul, <\/strong>Commissaire&nbsp;: Paul Lussier<\/td><\/tr><tr><td>2002<\/td><td><strong>Le miroir aux Alouettes<\/strong>, Centre d\u2019exposition de Baie-Saint-Paul, Commissaire : Chantal Boulanger<\/td><\/tr><tr><td>\n<h4>ART PUBLIC<\/h4>\n<\/td><td><\/td><\/tr><tr><td>2022<\/td><td><strong>Relier<\/strong>, STM &#8211; M\u00e9tro Pr\u00e9fontaine, oeuvre permanente  r\u00e9alis\u00e9e dans le cadre de la Politique d\u2019int\u00e9gration des arts \u00e0 l\u2019architecture du Minist\u00e8re de la Culture et des Communications du Qu\u00e9bec<\/td><\/tr><tr><td>2020<\/td><td><strong>Pr\u00eater la main<\/strong>, \u00c9cole primaire Sainte-Marguerite-Bourgeois, oeuvre permanente  r\u00e9alis\u00e9e dans le cadre de la Politique d\u2019int\u00e9gration des arts \u00e0 l\u2019architecture du Minist\u00e8re de la Culture et des Communications du Qu\u00e9bec<\/td><\/tr><tr><td>2016<\/td><td><strong>G\u00e9om\u00e9trie variable<\/strong>, \u00c9cole secondaire Henri-Bourassa, Commission scolaire de la Pointe-de-l\u2019\u00cele, Montr\u00e9al-Nord, \u0153uvre permanente r\u00e9alis\u00e9e dans le cadre de la Politique d\u2019int\u00e9gration des arts \u00e0 l\u2019architecture du Minist\u00e8re de la Culture et des Communications du Qu\u00e9bec<\/td><\/tr><tr><td>2016<\/td><td><strong>Devenir<\/strong>, \u00c9cole primaire Bellefeuille, Commission scolaire de la Rivi\u00e8re-du-Nord, St-J\u00e9r\u00f4me, \u0153uvre permanente r\u00e9alis\u00e9e dans le cadre de la Politique d\u2019int\u00e9gration des arts \u00e0 l\u2019architecture du Minist\u00e8re de la Culture et des Communications du Qu\u00e9bec<\/td><\/tr><tr><td>2014<\/td><td><strong>Point d\u2019origine<\/strong>, Place Raymond-Plante, arrondissement Rosemont, Sculpture permanente collection d\u2019art publique Ville de Montr\u00e9al, Montr\u00e9al<\/td><\/tr><tr><td>2013<\/td><td><strong>\u00c9quation po\u00e9tique<\/strong>, \u00c9cole primaire les Grands-Vents, Commission scolaire des Mille-\u00celes, Sainte-Marthe-su-le-Lac, \u0153uvre permanente r\u00e9alis\u00e9e dans le cadre de la Politique d\u2019int\u00e9gration des arts \u00e0 l\u2019architecture du Minist\u00e8re de la Culture et des Communications du Qu\u00e9bec<\/td><\/tr><tr><td>2012<\/td><td><strong>Terrains int\u00e9rieurs<\/strong>, Centre sportif r\u00e9gional Memprhr\u00e9magog, Commission scolaire des sommets, Magog, \u0153uvre permanente r\u00e9alis\u00e9e dans le cadre de la Politique d\u2019int\u00e9gration des arts \u00e0 l\u2019architecture du Minist\u00e8re de la Culture et des Communications du Qu\u00e9bec<\/td><\/tr><tr><td>2003-2014<\/td><td><strong>Femme-Entonnoir<\/strong> (monument \u00e0 activer par la pr\u00e9sence humaine) dans le jardin au si\u00e8ge social du Cirque du Soleil, Montr\u00e9al (Con\u00e7u et pr\u00e9sent\u00e9 initialement pour l\u2019\u00e9v\u00e8nement L\u2019art qui fait Boum et pr\u00e9sent\u00e9 devant le march\u00e9 Bonsecours)<\/td><\/tr><tr><td>2002<\/td><td><strong>L\u2019homme Rivi\u00e8re<\/strong>, Co-Conception et co-r\u00e9alisation avec Lucienne Cornet , Caisse de D\u00e9p\u00f4t et Placement du Qu\u00e9bec, Qu\u00e9bec, oeuvre permanente<\/td><\/tr><tr><td>\n<h4>BOURSES ET PRIX<\/h4>\n<\/td><td><\/td><\/tr><tr><td>2007<\/td><td><strong>Bourse de d\u00e9placement<\/strong> du Conseil des arts et des lettres du Qu\u00e9bec<\/td><\/tr><tr><td>2007<\/td><td><strong>Bourse de recherche et cr\u00e9ation<\/strong> du Conseil des arts du Canada<\/td><\/tr><tr><td>2005<\/td><td><strong>Bourse de cr\u00e9ation en arts visuels B<\/strong> du Conseil des arts et lettres du Qu\u00e9bec<\/td><\/tr><tr><td>2003<\/td><td><strong>Bourse de cr\u00e9ation en arts visuels B<\/strong> du Conseil des arts et lettres du Qu\u00e9bec<\/td><\/tr><tr><td>2003<\/td><td><strong>Bourse de recherche et cr\u00e9ation<\/strong> du Conseil des arts du Canada<\/td><\/tr><tr><td>2003<\/td><td>R\u00e9cipiendaire du <em><strong>Prix Fasken Martineau <\/strong><\/em>pour l\u2019\u0153uvre proposant l\u2019exp\u00e9rience la plus marquante, volet performance dans le cadre de L\u2019Art qui fait Boum<\/td><\/tr><tr><td>2000<\/td><td>R\u00e9cipiendaire de la <strong><em>bourse de ma\u00eetrise en recherche du fond FCAR<\/em><\/strong><\/td><\/tr><tr><td>2000<\/td><td>R\u00e9cipiendaire d&rsquo;une <strong><em>bourse des gradu\u00e9s de l\u2019Universit\u00e9 Concordia<\/em><\/strong><\/td><\/tr><tr><td>1999<\/td><td>R\u00e9cipiendaire de la <strong><em>bourse Ren\u00e9-Richard<\/em><\/strong>, Universit\u00e9 Laval, Qu\u00e9bec<\/td><\/tr><tr><td>1999<\/td><td>R\u00e9cipiendaire du <strong><em>prix Tomber dans l\u2019\u0153il<\/em><\/strong> d\u00e9cern\u00e9 par le centre d&rsquo;artistes professionnels l&rsquo;Oeil de Poisson<\/td><\/tr><tr><td>\n<h4>BIBLIOGRAPHIE<\/h4>\n<\/td><td><\/td><\/tr><tr><td>2014<\/td><td><em>\u00ab\u00a0Hommage aux ouvriers&nbsp;\u00ab\u00a0<\/em>, L<strong>e Devoir<\/strong>, 17 octobre 2014, Montr\u00e9al<\/td><\/tr><tr><td>2008<\/td><td>J\u00e9r\u00f4me Delgado, <em>\u00ab\u00a0Mariages forc\u00e9s, souvent heureux\u00a0\u00bb, <\/em><strong>Le Devoir, <\/strong>26 et 27 avril 2008, Montr\u00e9al<\/td><\/tr><tr><td>2007<\/td><td>Jean-Claude Rochefort, <em>\u00ab\u00a0Les artistes qui ont \u00e9merg\u00e9s\u00a0\u00bb, <\/em><strong>Vie des arts, <\/strong>n<sup>o<\/sup> 207 \u00e9t\u00e9 2007 Cahier sp\u00e9cial<\/td><\/tr><tr><td>2006<\/td><td>Christine Gauthier, <em>\u00ab\u00a0Au figur\u00e9, chroniques num\u00e9riques\u00a0\u00bb, <\/em><strong>Art Le Sabord<\/strong>, n<sup>o<\/sup>75 Lieux imaginaires 2006, Montr\u00e9al<\/td><\/tr><tr><td>2006<\/td><td>M\u00e9lanie Boucher, <em>\u00ab\u00a0Des oeuvres polymorphes. Trois cas types\u00a0\u00bb<\/em>, <strong>Espace sculpture<\/strong>, n<sup>o <\/sup>75 printemps 2006, Montr\u00e9al<\/td><\/tr><tr><td>2005<\/td><td>V\u00e9ronique Lemonde, <em>\u00ab\u00a0<\/em><em>Outils pour exister, comprendre et ressentir<\/em><em>\u00ab\u00a0<\/em><em>, <\/em><strong>Le Courrier de St-Hyacinthe<\/strong>, 20 juillet 2005, Saint-Hyacinthe<\/td><\/tr><tr><td>2005<\/td><td>Marie-Eve Charron, <em>\u00ab\u00a0Terrain de jeu d\u00e9brid\u00e9\u00a0\u00bb<\/em>, <strong>Esse art+opinion<\/strong>, hiver 2005, Montr\u00e9al<\/td><\/tr><tr><td>2005<\/td><td>Andr\u00e9-Louis Par\u00e9, <em>\u00ab\u00a0Festival de Th\u00e9\u00e2tre de Rue de Shawinigan\u00a0\u00bb<\/em>, <strong>Espace sculpture<\/strong>, n<sup>o <\/sup>70 hiver 2004-2005, Montr\u00e9al<\/td><\/tr><tr><td>2004<\/td><td>Jean-Claude Rochefort, <em>\u00ab\u00a0Hors circuit?\u00a0\u00bb<\/em>, <strong>Le Devoir<\/strong>, 20 et 21 novembre 2004, Montr\u00e9al<\/td><\/tr><tr><td>2004<\/td><td>J\u00e9r\u00f4me Delgado, <em>\u00ab\u00a0Salut au consommateur\u00a0\u00bb<\/em>, <strong>La Presse<\/strong>, 14 novembre 2004, Montr\u00e9al<\/td><\/tr><tr><td>2004<\/td><td>Julie Faubert, <em>\u00ab\u00a0<\/em><em>Le monde miniaturis\u00e9 \u00e0 hauteur d\u2019homme<\/em><em>\u00ab\u00a0, <\/em><strong>ETC Montr\u00e9al<\/strong>, automne 2004, Montr\u00e9al<\/td><\/tr><tr><td>2004<\/td><td>Julie Bouchard, <em>\u00ab\u00a0Un festival sans fronti\u00e8res\u00a0\u00bb<\/em>, <strong>Le Soleil<\/strong>, 3 ao\u00fbt 2004, Qu\u00e9bec<\/td><\/tr><tr><td>2004<\/td><td>\u00c8ve Dumas, <em>\u00ab\u00a0Festival de th\u00e9\u00e2tre de rue, rep\u00e8res retrouv\u00e9s\u00a0\u00bb<\/em>, <strong>La Presse<\/strong>, 2 ao\u00fbt 2004, Montr\u00e9al<\/td><\/tr><tr><td>2004<\/td><td>Michel Bois, <em>\u00ab\u00a0Catherine Sylvain, \u00catre ou Para\u00eetre\u00a0\u00bb, <\/em><strong>Le Soleil<\/strong>, 22 mai 2004, Qu\u00e9bec<\/td><\/tr><tr><td>2004<\/td><td>Nathalie C\u00f4t\u00e9,<em> \u00ab\u00a0Pavel Pavlov et Catherine Sylvain, Premi\u00e8re station\u00a0\u00bb, <\/em><strong>Voir<\/strong>, 20 au 26 mai 2004, Qu\u00e9bec<\/td><\/tr><tr><td>2004<\/td><td>Pascale Beaudet, <em>\u00ab\u00a0Catherine Sylvain, Petites d\u00e9tresses humaines\u00a0\u00bb<\/em>, <strong>C Magazine<\/strong>, spring 2004<\/td><\/tr><tr><td>2004<\/td><td>J\u00e9r\u00f4me Delgado, <em>\u00ab\u00a0Catherine Sylvain\u00a0\u00bb, <\/em><strong>La Presse, Magazine LP2<\/strong>, semaine du 5 au 11 f\u00e9vrier 2004, Montr\u00e9al<\/td><\/tr><tr><td>2004<\/td><td>Lyne Crevier, <em>\u00ab\u00a0Trou du souffleur\u00a0\u00bb<\/em>, <strong>ICI<\/strong>, 12 au 18 f\u00e9vrier 2004, Montr\u00e9al<\/td><\/tr><tr><td>2003<\/td><td>Guy Sioui Durand, <em>\u00ab\u00a0Tranches radicales dans l\u2019ann\u00e9e d\u2019art 2002 au Qu\u00e9bec<\/em> <em>\u00ab\u00a0, <\/em><strong>Inter Art Actuel<\/strong>, num\u00e9ro 84 printemps 2003, Qu\u00e9bec<\/td><\/tr><tr><td>2003<\/td><td>Jos\u00e9phine Sans, <em>\u00ab\u00a020<sup>i\u00e8me<\/sup> symposium international de Baie-St-Paul\u00a0\u00bb<\/em>, <strong>&nbsp;Mix magazine, <\/strong>V 28.3, Winter 2003, Toronto<\/td><\/tr><tr><td>2002<\/td><td>Jean-Claude Rochefort, <em>\u00ab\u00a0Va-et-vient entre le fini et l\u2019inachev\u00e9\u00a0\u00bb<\/em>, <strong>Le Devoir<\/strong>, 17 et 18 ao\u00fbt 2002, Montr\u00e9al<\/td><\/tr><tr><td>2002<\/td><td>J\u00e9r\u00f4me Delgado, <em>\u00ab\u00a0Baie-Saint-Paul, sur la bonne voie\u00a0\u00bb, <\/em><strong>&nbsp;La Presse, <\/strong>17 ao\u00fbt 2002, Montr\u00e9al<\/td><\/tr><tr><td>2002<\/td><td>Dany Quine, <em>\u00ab\u00a0La grande m\u00e9tamorphose\u00a0\u00bb, <\/em><strong>&nbsp;Le Soleil<\/strong>, 24 ao\u00fbt 2002, Qu\u00e9bec<em>, <\/em><strong>La Presse, <\/strong>25 ao\u00fbt 2002, Montr\u00e9al<\/td><\/tr><tr><td>2002<\/td><td>Nathalie C\u00f4t\u00e9, <em>\u00ab\u00a0Descendre dans l\u2019ar\u00e8ne\u00a0\u00bb<\/em>, <strong>&nbsp;Voir<\/strong>, 15 au 21 ao\u00fbt 2002, Qu\u00e9bec<\/td><\/tr><tr><td>2002<\/td><td>Dany Quine, <em>\u00ab\u00a0<\/em>Le M\u00e9morial Price, <em>Entre l\u2019arbre et l\u2019\u00e9corce\u00a0\u00bb, <\/em><strong>Le Soleil<\/strong>, 22 ao\u00fbt 2002, Qu\u00e9bec<\/td><\/tr><tr><td>2002<\/td><td><em>\u00ab\u00a0Open House in Studio Arts\u00a0\u00bb<\/em>, <strong>Concordia Thursday Report<\/strong>, 25 avril 2002, Montr\u00e9al<\/td><\/tr><tr><td>2001<\/td><td>David Cantin, , \u00ab\u00a0<em>D\u00e9tournement publicitaire<\/em>\u00ab\u00a0,<strong> Le Devoir, <\/strong>27 Janvier 2001, Montr\u00e9al<\/td><\/tr><tr><td>\n<h4>\u00c9DITION<\/h4>\n<\/td><td><\/td><\/tr><tr><td>2015<\/td><td><strong><em>\u00ab&nbsp;Devenir autre, \u00eatre autre&nbsp;\u00bb,<\/em><\/strong> Jeanne-\u00c9lyse Renaud, opuscule accompagnant l\u2019exposition F\u00e9minin d\u00e9doubl\u00e9, Galerie Glendon, Toronto<\/td><\/tr><tr><td>2014<\/td><td><strong><em>\u00ab&nbsp;Point d\u2019origine&nbsp;\u00bb<\/em><\/strong>, Am\u00e9lie Gigu\u00e8re, d\u00e9pliant explicatif \u0153uvre d\u2019art public <em>Point d\u2019origine<\/em>, Bureau d\u2019art public ville de Montr\u00e9al<\/td><\/tr><tr><td>2013<\/td><td><em><strong>\u00ab\u00a0Entre avoir et \u00eatre&nbsp;: deux collectionneurs s\u2019exposent<\/strong><\/em><strong>\u00ab\u00a0<\/strong><em>, <\/em>Bernard Landriault, \u00c9dition du passage, Montr\u00e9al, 2013, 217p.<\/td><\/tr><tr><td>2011<\/td><td><strong>\u00ab\u00a0<\/strong><em><strong>See yourself sensing, redefining human perception<\/strong><\/em><strong>\u00ab\u00a0<\/strong>, Madeline Schwartzman, Black dog publishing\u00a0\u00bb, Londres, Angleterre, 2011, 190 p.<\/td><\/tr><tr><td>2009<\/td><td><strong>\u00ab\u00a0<\/strong><em><strong>USED\/goods<\/strong><\/em><strong>\u00ab\u00a0, <\/strong>Cut Rate Collective, Montr\u00e9al, 2009, 260 p.<\/td><\/tr><tr><td>2008<\/td><td><strong>\u00ab\u00a0<\/strong><em><strong>Intrus\/Intruders<\/strong><\/em><strong>\u00ab\u00a0<\/strong>, Mus\u00e9e national des beaux-arts du Qu\u00e9bec<em>, <\/em>commissaire invit\u00e9e&nbsp;: M\u00e9lanie Boucher, Qu\u00e9bec, 2008, 203 p. + 1 c\u00e9d\u00e9rom<\/td><\/tr><tr><td>2007<\/td><td><em><strong>\u00ab\u00a0Sagamie, L\u2019imprim\u00e9 num\u00e9rique en art contemporain\u00a0\u00bb, <\/strong><\/em>Collectif d\u2019auteurs, \u00c9ditions d\u2019art le sabord, Trois-Rivi\u00e8res, 2007, 197 p.<\/td><\/tr><tr><td>2007<\/td><td><em><strong>\u00ab\u00a0Rel\u00e8ve 1997-2007\u00a0\u00bb<\/strong><\/em> texte de Eric Chenet dans <em>\u00ab\u00a0Deux rel\u00e8ves: ETC 1987-2007\u00a0\u00bb, <\/em>\u00c9dition ETC, Montr\u00e9al, D\u00e9cembre 2007<\/td><\/tr><tr><td>2005<\/td><td><strong>\u00ab\u00a0<\/strong><em><strong>Blanc\u2026 de d\u00e9sirs<\/strong><\/em><strong>\u00ab\u00a0<\/strong><em>, <\/em>texte de Marie-Eve Charron, opuscule accompagnant l\u2019exposition Outils pour exister de Catherine Sylvain, Expression centre d\u2019exposition, St-Hyacinthe<\/td><\/tr><tr><td>2004<\/td><td><strong>\u00ab\u00a0<\/strong><em><strong>Petites d\u00e9tresses humaines&nbsp;<\/strong><\/em><strong>\u00ab\u00a0<\/strong>, texte de S\u00e9bastien Martin, opuscule accompagnant l\u2019exposition Petites d\u00e9tresses humaines de Catherine Sylvain, Galerie Circa, Montr\u00e9al<\/td><\/tr><tr><td>2003<\/td><td><em><strong>\u00ab\u00a0Kilom\u00e8tr\u2019art 2001\/2003&nbsp;\u00ab\u00a0<\/strong>,<\/em> textes de Martin Champagne, catalogue de l\u2019\u00e9v\u00e9nement Kilom\u00e8tr\u2019art organis\u00e9 par Praxis Art Actuel, p. 56-57<\/td><\/tr><tr><td>2003<\/td><td><em><strong>\u00ab\u00a0Dress, La mode dans tous ses \u00e9tats&nbsp;\u00ab\u00a0<\/strong>, <\/em>textes de Line Beavis, Montr\u00e9al, Galerie d\u2019art Leonard et&nbsp; Bina Ellen, Concordia University<\/td><\/tr><tr><td>2002<\/td><td>Page Couverture et photographies \u00e0 l\u2019int\u00e9rieur, Revue \u00ab\u00a0Art Le Sabord\u00a0\u00bb, num\u00e9ro 63,&nbsp; automne 2002<\/td><\/tr><tr><td> <h4>R\u00c9SIDENCES DE PRODUCTION<\/h4> <\/td><td><\/td><\/tr><tr><td>2004<\/td><td>Centre artistique Caravans\u00e9rail, Rimouski<\/td><\/tr><tr><td>2004<\/td><td>Centre de diffusion et de production de la photographie VU, Qu\u00e9bec<\/td><\/tr><tr><td>2004<\/td><td>Estampes Sagamie, Centre national de recherche et de diffusion en arts contemporains num\u00e9riques, Alma<\/td><\/tr><\/tbody><\/table>\n","protected":false},"excerpt":{"rendered":"<p>FORMATION 2003 Master in Fine Art en sculpture (M.F.A.), Universit\u00e9 Concordia, Montr\u00e9al 2000 Stage d\u2019\u00e9tudes \u00e0 l&rsquo;\u00c9cole nationale sup\u00e9rieure des Beaux-Arts de Paris, atelier de Richard Deacon, France 1999 Baccalaur\u00e9at en arts plastiques, Universit\u00e9 Laval, Qu\u00e9bec EXPOSITIONS SOLO 2019 \u00c0 venir :&nbsp;G\u00e9ographie&nbsp;multiscalaire, OBORO, Montr\u00e9al 2006 Le monde mat\u00e9riel, Galerie Horace, Sherbrooke 2005 Outils pour exister,<\/p>\n<div><a class=\"btn-filled btn\" href=\"http:\/\/catherinesylvain.com\/blog\/?page_id=17\" title=\"CV\">Lire la suite<\/a><\/div>\n","protected":false},"author":1,"featured_media":0,"parent":651,"menu_order":0,"comment_status":"closed","ping_status":"closed","template":"page-templates\/full-width.php","meta":{"spay_email":""},"_links":{"self":[{"href":"http:\/\/catherinesylvain.com\/blog\/index.php?rest_route=\/wp\/v2\/pages\/17"}],"collection":[{"href":"http:\/\/catherinesylvain.com\/blog\/index.php?rest_route=\/wp\/v2\/pages"}],"about":[{"href":"http:\/\/catherinesylvain.com\/blog\/index.php?rest_route=\/wp\/v2\/types\/page"}],"author":[{"embeddable":true,"href":"http:\/\/catherinesylvain.com\/blog\/index.php?rest_route=\/wp\/v2\/users\/1"}],"replies":[{"embeddable":true,"href":"http:\/\/catherinesylvain.com\/blog\/index.php?rest_route=%2Fwp%2Fv2%2Fcomments&post=17"}],"version-history":[{"count":49,"href":"http:\/\/catherinesylvain.com\/blog\/index.php?rest_route=\/wp\/v2\/pages\/17\/revisions"}],"predecessor-version":[{"id":852,"href":"http:\/\/catherinesylvain.com\/blog\/index.php?rest_route=\/wp\/v2\/pages\/17\/revisions\/852"}],"up":[{"embeddable":true,"href":"http:\/\/catherinesylvain.com\/blog\/index.php?rest_route=\/wp\/v2\/pages\/651"}],"wp:attachment":[{"href":"http:\/\/catherinesylvain.com\/blog\/index.php?rest_route=%2Fwp%2Fv2%2Fmedia&parent=17"}],"curies":[{"name":"wp","href":"https:\/\/api.w.org\/{rel}","templated":true}]}}