{"id":160,"date":"2014-10-18T03:37:24","date_gmt":"2014-10-18T03:37:24","guid":{"rendered":"http:\/\/catherinesylvain.com\/blog\/?page_id=160"},"modified":"2019-01-26T16:12:30","modified_gmt":"2019-01-26T16:12:30","slug":"femme-chien","status":"publish","type":"page","link":"http:\/\/catherinesylvain.com\/blog\/?page_id=160","title":{"rendered":"Femme-chien"},"content":{"rendered":"<p>2007, Interventions urbaines dans le cadre de l&rsquo;\u00e9v\u00e9nement <em>Lieux communs<\/em>, Les instants chavir\u00e9s, Montreuil, France<\/p>\n<p><a href=\"https:\/\/i1.wp.com\/catherinesylvain.com\/blog\/wp-content\/uploads\/2014\/10\/18b_Femme-chien.jpg\"><img loading=\"lazy\" src=\"https:\/\/i1.wp.com\/catherinesylvain.com\/blog\/wp-content\/uploads\/2014\/10\/18b_Femme-chien.jpg?resize=984%2C1000\" alt=\"18b_Femme-chien\" width=\"984\" height=\"1000\" class=\"alignnone size-full wp-image-335\" srcset=\"https:\/\/i1.wp.com\/catherinesylvain.com\/blog\/wp-content\/uploads\/2014\/10\/18b_Femme-chien.jpg?w=984 984w, https:\/\/i1.wp.com\/catherinesylvain.com\/blog\/wp-content\/uploads\/2014\/10\/18b_Femme-chien.jpg?resize=295%2C300 295w\" sizes=\"(max-width: 984px) 100vw, 984px\" data-recalc-dims=\"1\" \/><\/a><\/p>\n<p><a href=\"https:\/\/i1.wp.com\/catherinesylvain.com\/blog\/wp-content\/uploads\/2014\/10\/18e_Femme-chien.jpg\"><img loading=\"lazy\" src=\"https:\/\/i1.wp.com\/catherinesylvain.com\/blog\/wp-content\/uploads\/2014\/10\/18e_Femme-chien.jpg?resize=991%2C1000\" alt=\"18e_Femme-chien\" width=\"991\" height=\"1000\" class=\"alignnone size-full wp-image-338\" srcset=\"https:\/\/i1.wp.com\/catherinesylvain.com\/blog\/wp-content\/uploads\/2014\/10\/18e_Femme-chien.jpg?w=991 991w, https:\/\/i1.wp.com\/catherinesylvain.com\/blog\/wp-content\/uploads\/2014\/10\/18e_Femme-chien.jpg?resize=150%2C150 150w, https:\/\/i1.wp.com\/catherinesylvain.com\/blog\/wp-content\/uploads\/2014\/10\/18e_Femme-chien.jpg?resize=297%2C300 297w\" sizes=\"(max-width: 991px) 100vw, 991px\" data-recalc-dims=\"1\" \/><\/a><\/p>\n<p><a href=\"https:\/\/i1.wp.com\/catherinesylvain.com\/blog\/wp-content\/uploads\/2014\/10\/18a_Femme-chien.jpg\"><img loading=\"lazy\" src=\"https:\/\/i1.wp.com\/catherinesylvain.com\/blog\/wp-content\/uploads\/2014\/10\/18a_Femme-chien.jpg?resize=986%2C1000\" alt=\"18a_Femme-chien\" width=\"986\" height=\"1000\" class=\"alignnone size-full wp-image-321\" srcset=\"https:\/\/i1.wp.com\/catherinesylvain.com\/blog\/wp-content\/uploads\/2014\/10\/18a_Femme-chien.jpg?w=986 986w, https:\/\/i1.wp.com\/catherinesylvain.com\/blog\/wp-content\/uploads\/2014\/10\/18a_Femme-chien.jpg?resize=295%2C300 295w\" sizes=\"(max-width: 986px) 100vw, 986px\" data-recalc-dims=\"1\" \/><\/a><\/p>\n<p><a href=\"https:\/\/i0.wp.com\/catherinesylvain.com\/blog\/wp-content\/uploads\/2014\/10\/18d_Femme-chien.jpg\"><img loading=\"lazy\" src=\"https:\/\/i0.wp.com\/catherinesylvain.com\/blog\/wp-content\/uploads\/2014\/10\/18d_Femme-chien.jpg?resize=988%2C1000\" alt=\"18d_Femme-chien\" width=\"988\" height=\"1000\" class=\"alignnone size-full wp-image-337\" srcset=\"https:\/\/i0.wp.com\/catherinesylvain.com\/blog\/wp-content\/uploads\/2014\/10\/18d_Femme-chien.jpg?w=988 988w, https:\/\/i0.wp.com\/catherinesylvain.com\/blog\/wp-content\/uploads\/2014\/10\/18d_Femme-chien.jpg?resize=296%2C300 296w\" sizes=\"(max-width: 988px) 100vw, 988px\" data-recalc-dims=\"1\" \/><\/a><\/p>\n<p><a href=\"https:\/\/i1.wp.com\/catherinesylvain.com\/blog\/wp-content\/uploads\/2014\/10\/18c_Femme-chien.jpg\"><img loading=\"lazy\" src=\"https:\/\/i1.wp.com\/catherinesylvain.com\/blog\/wp-content\/uploads\/2014\/10\/18c_Femme-chien.jpg?resize=991%2C1000\" alt=\"18c_Femme-chien\" width=\"991\" height=\"1000\" class=\"alignnone size-full wp-image-336\" srcset=\"https:\/\/i1.wp.com\/catherinesylvain.com\/blog\/wp-content\/uploads\/2014\/10\/18c_Femme-chien.jpg?w=991 991w, https:\/\/i1.wp.com\/catherinesylvain.com\/blog\/wp-content\/uploads\/2014\/10\/18c_Femme-chien.jpg?resize=150%2C150 150w, https:\/\/i1.wp.com\/catherinesylvain.com\/blog\/wp-content\/uploads\/2014\/10\/18c_Femme-chien.jpg?resize=297%2C300 297w\" sizes=\"(max-width: 991px) 100vw, 991px\" data-recalc-dims=\"1\" \/><\/a><\/p>\n<p>2003, Interventions urbaines, M\u00e9tro Mont-Royal et Parc Lafontaine, Montr\u00e9al<\/p>\n<p><a href=\"https:\/\/i2.wp.com\/catherinesylvain.com\/blog\/wp-content\/uploads\/2014\/10\/16_Femme_Chien.jpg\"><img loading=\"lazy\" src=\"https:\/\/i2.wp.com\/catherinesylvain.com\/blog\/wp-content\/uploads\/2014\/10\/16_Femme_Chien.jpg?resize=900%2C612\" alt=\"16_Femme_Chien\" width=\"900\" height=\"612\" class=\"alignnone size-full wp-image-303\" srcset=\"https:\/\/i2.wp.com\/catherinesylvain.com\/blog\/wp-content\/uploads\/2014\/10\/16_Femme_Chien.jpg?w=900 900w, https:\/\/i2.wp.com\/catherinesylvain.com\/blog\/wp-content\/uploads\/2014\/10\/16_Femme_Chien.jpg?resize=300%2C204 300w\" sizes=\"(max-width: 900px) 100vw, 900px\" data-recalc-dims=\"1\" \/><\/a><\/p>\n<p><a href=\"https:\/\/i1.wp.com\/catherinesylvain.com\/blog\/wp-content\/uploads\/2014\/10\/20_Chien_clip.jpg\"><img loading=\"lazy\" src=\"https:\/\/i1.wp.com\/catherinesylvain.com\/blog\/wp-content\/uploads\/2014\/10\/20_Chien_clip.jpg?resize=900%2C675\" alt=\"20_Chien_clip\" width=\"900\" height=\"675\" class=\"alignnone size-full wp-image-305\" srcset=\"https:\/\/i1.wp.com\/catherinesylvain.com\/blog\/wp-content\/uploads\/2014\/10\/20_Chien_clip.jpg?w=900 900w, https:\/\/i1.wp.com\/catherinesylvain.com\/blog\/wp-content\/uploads\/2014\/10\/20_Chien_clip.jpg?resize=300%2C225 300w\" sizes=\"(max-width: 900px) 100vw, 900px\" data-recalc-dims=\"1\" \/><\/a><\/p>\n<p><a href=\"https:\/\/i2.wp.com\/catherinesylvain.com\/blog\/wp-content\/uploads\/2014\/10\/15_Femme_Chien.jpg\"><img loading=\"lazy\" src=\"https:\/\/i2.wp.com\/catherinesylvain.com\/blog\/wp-content\/uploads\/2014\/10\/15_Femme_Chien.jpg?resize=900%2C600\" alt=\"15_Femme_Chien\" width=\"900\" height=\"600\" class=\"alignnone size-full wp-image-302\" srcset=\"https:\/\/i2.wp.com\/catherinesylvain.com\/blog\/wp-content\/uploads\/2014\/10\/15_Femme_Chien.jpg?w=900 900w, https:\/\/i2.wp.com\/catherinesylvain.com\/blog\/wp-content\/uploads\/2014\/10\/15_Femme_Chien.jpg?resize=300%2C200 300w\" sizes=\"(max-width: 900px) 100vw, 900px\" data-recalc-dims=\"1\" \/><\/a><\/p>\n<p><a href=\"https:\/\/i1.wp.com\/catherinesylvain.com\/blog\/wp-content\/uploads\/2014\/10\/17_Femme_Chien.jpg\"><img loading=\"lazy\" src=\"https:\/\/i1.wp.com\/catherinesylvain.com\/blog\/wp-content\/uploads\/2014\/10\/17_Femme_Chien.jpg?resize=900%2C600\" alt=\"17_Femme_Chien\" width=\"900\" height=\"600\" class=\"alignnone size-full wp-image-291\" srcset=\"https:\/\/i1.wp.com\/catherinesylvain.com\/blog\/wp-content\/uploads\/2014\/10\/17_Femme_Chien.jpg?w=900 900w, https:\/\/i1.wp.com\/catherinesylvain.com\/blog\/wp-content\/uploads\/2014\/10\/17_Femme_Chien.jpg?resize=300%2C200 300w\" sizes=\"(max-width: 900px) 100vw, 900px\" data-recalc-dims=\"1\" \/><\/a><\/p>\n<p><a href=\"https:\/\/i2.wp.com\/catherinesylvain.com\/blog\/wp-content\/uploads\/2014\/10\/18_Femme_chien.jpg\"><img loading=\"lazy\" src=\"https:\/\/i2.wp.com\/catherinesylvain.com\/blog\/wp-content\/uploads\/2014\/10\/18_Femme_chien.jpg?resize=900%2C600\" alt=\"18_Femme_chien\" width=\"900\" height=\"600\" class=\"alignnone size-full wp-image-304\" srcset=\"https:\/\/i2.wp.com\/catherinesylvain.com\/blog\/wp-content\/uploads\/2014\/10\/18_Femme_chien.jpg?w=900 900w, https:\/\/i2.wp.com\/catherinesylvain.com\/blog\/wp-content\/uploads\/2014\/10\/18_Femme_chien.jpg?resize=300%2C200 300w\" sizes=\"(max-width: 900px) 100vw, 900px\" data-recalc-dims=\"1\" \/><\/a><\/p>\n","protected":false},"excerpt":{"rendered":"<p>2007, Interventions urbaines dans le cadre de l&rsquo;\u00e9v\u00e9nement Lieux communs, Les instants chavir\u00e9s, Montreuil, France 2003, Interventions urbaines, M\u00e9tro Mont-Royal et Parc Lafontaine, Montr\u00e9al<\/p>\n","protected":false},"author":1,"featured_media":0,"parent":0,"menu_order":0,"comment_status":"closed","ping_status":"open","template":"","meta":{"spay_email":""},"_links":{"self":[{"href":"http:\/\/catherinesylvain.com\/blog\/index.php?rest_route=\/wp\/v2\/pages\/160"}],"collection":[{"href":"http:\/\/catherinesylvain.com\/blog\/index.php?rest_route=\/wp\/v2\/pages"}],"about":[{"href":"http:\/\/catherinesylvain.com\/blog\/index.php?rest_route=\/wp\/v2\/types\/page"}],"author":[{"embeddable":true,"href":"http:\/\/catherinesylvain.com\/blog\/index.php?rest_route=\/wp\/v2\/users\/1"}],"replies":[{"embeddable":true,"href":"http:\/\/catherinesylvain.com\/blog\/index.php?rest_route=%2Fwp%2Fv2%2Fcomments&post=160"}],"version-history":[{"count":6,"href":"http:\/\/catherinesylvain.com\/blog\/index.php?rest_route=\/wp\/v2\/pages\/160\/revisions"}],"predecessor-version":[{"id":369,"href":"http:\/\/catherinesylvain.com\/blog\/index.php?rest_route=\/wp\/v2\/pages\/160\/revisions\/369"}],"wp:attachment":[{"href":"http:\/\/catherinesylvain.com\/blog\/index.php?rest_route=%2Fwp%2Fv2%2Fmedia&parent=160"}],"curies":[{"name":"wp","href":"https:\/\/api.w.org\/{rel}","templated":true}]}}