{"id":153,"date":"2014-10-18T03:33:05","date_gmt":"2014-10-18T03:33:05","guid":{"rendered":"http:\/\/catherinesylvain.com\/blog\/?page_id=153"},"modified":"2014-10-18T16:12:12","modified_gmt":"2014-10-18T16:12:12","slug":"realites-subjectives","status":"publish","type":"page","link":"http:\/\/catherinesylvain.com\/blog\/?page_id=153","title":{"rendered":"R\u00e9alit\u00e9s subjectives"},"content":{"rendered":"<p>2004, Photo-montages r\u00e9alis\u00e9s en r\u00e9sidence au Centre Sagamie \u00e0 Alma et pr\u00e9sent\u00e9s au Centre VU \u00e0 Qu\u00e9bec<\/p>\n<p><a href=\"https:\/\/i2.wp.com\/catherinesylvain.com\/blog\/wp-content\/uploads\/2014\/10\/22_Realites_subjectives.jpg\"><img loading=\"lazy\" src=\"https:\/\/i2.wp.com\/catherinesylvain.com\/blog\/wp-content\/uploads\/2014\/10\/22_Realites_subjectives.jpg?resize=1140%2C230\" alt=\"22_Realites_subjectives\" width=\"1140\" height=\"230\" class=\"alignnone size-full wp-image-293\" srcset=\"https:\/\/i2.wp.com\/catherinesylvain.com\/blog\/wp-content\/uploads\/2014\/10\/22_Realites_subjectives.jpg?w=2835 2835w, https:\/\/i2.wp.com\/catherinesylvain.com\/blog\/wp-content\/uploads\/2014\/10\/22_Realites_subjectives.jpg?resize=300%2C60 300w, https:\/\/i2.wp.com\/catherinesylvain.com\/blog\/wp-content\/uploads\/2014\/10\/22_Realites_subjectives.jpg?resize=1024%2C206 1024w, https:\/\/i2.wp.com\/catherinesylvain.com\/blog\/wp-content\/uploads\/2014\/10\/22_Realites_subjectives.jpg?resize=1920%2C388 1920w, https:\/\/i2.wp.com\/catherinesylvain.com\/blog\/wp-content\/uploads\/2014\/10\/22_Realites_subjectives.jpg?w=2280 2280w\" sizes=\"(max-width: 1140px) 100vw, 1140px\" data-recalc-dims=\"1\" \/><\/a><\/p>\n<p><a href=\"https:\/\/i1.wp.com\/catherinesylvain.com\/blog\/wp-content\/uploads\/2014\/10\/21_Realites_subjectives.jpg\"><img loading=\"lazy\" src=\"https:\/\/i1.wp.com\/catherinesylvain.com\/blog\/wp-content\/uploads\/2014\/10\/21_Realites_subjectives.jpg?resize=1140%2C230\" alt=\"21_Realites_subjectives\" width=\"1140\" height=\"230\" class=\"alignnone size-full wp-image-292\" srcset=\"https:\/\/i1.wp.com\/catherinesylvain.com\/blog\/wp-content\/uploads\/2014\/10\/21_Realites_subjectives.jpg?w=2835 2835w, https:\/\/i1.wp.com\/catherinesylvain.com\/blog\/wp-content\/uploads\/2014\/10\/21_Realites_subjectives.jpg?resize=300%2C60 300w, https:\/\/i1.wp.com\/catherinesylvain.com\/blog\/wp-content\/uploads\/2014\/10\/21_Realites_subjectives.jpg?resize=1024%2C206 1024w, https:\/\/i1.wp.com\/catherinesylvain.com\/blog\/wp-content\/uploads\/2014\/10\/21_Realites_subjectives.jpg?resize=1920%2C388 1920w, https:\/\/i1.wp.com\/catherinesylvain.com\/blog\/wp-content\/uploads\/2014\/10\/21_Realites_subjectives.jpg?w=2280 2280w\" sizes=\"(max-width: 1140px) 100vw, 1140px\" data-recalc-dims=\"1\" \/><\/a><\/p>\n","protected":false},"excerpt":{"rendered":"<p>2004, Photo-montages r\u00e9alis\u00e9s en r\u00e9sidence au Centre Sagamie \u00e0 Alma et pr\u00e9sent\u00e9s au Centre VU \u00e0 Qu\u00e9bec<\/p>\n","protected":false},"author":1,"featured_media":0,"parent":0,"menu_order":0,"comment_status":"open","ping_status":"open","template":"","meta":{"spay_email":""},"_links":{"self":[{"href":"http:\/\/catherinesylvain.com\/blog\/index.php?rest_route=\/wp\/v2\/pages\/153"}],"collection":[{"href":"http:\/\/catherinesylvain.com\/blog\/index.php?rest_route=\/wp\/v2\/pages"}],"about":[{"href":"http:\/\/catherinesylvain.com\/blog\/index.php?rest_route=\/wp\/v2\/types\/page"}],"author":[{"embeddable":true,"href":"http:\/\/catherinesylvain.com\/blog\/index.php?rest_route=\/wp\/v2\/users\/1"}],"replies":[{"embeddable":true,"href":"http:\/\/catherinesylvain.com\/blog\/index.php?rest_route=%2Fwp%2Fv2%2Fcomments&post=153"}],"version-history":[{"count":3,"href":"http:\/\/catherinesylvain.com\/blog\/index.php?rest_route=\/wp\/v2\/pages\/153\/revisions"}],"predecessor-version":[{"id":384,"href":"http:\/\/catherinesylvain.com\/blog\/index.php?rest_route=\/wp\/v2\/pages\/153\/revisions\/384"}],"wp:attachment":[{"href":"http:\/\/catherinesylvain.com\/blog\/index.php?rest_route=%2Fwp%2Fv2%2Fmedia&parent=153"}],"curies":[{"name":"wp","href":"https:\/\/api.w.org\/{rel}","templated":true}]}}