{"id":15,"date":"2014-10-18T00:53:09","date_gmt":"2014-10-18T00:53:09","guid":{"rendered":"http:\/\/catherinesylvain.com\/blog\/?page_id=15"},"modified":"2019-01-28T15:58:26","modified_gmt":"2019-01-28T15:58:26","slug":"biographie","status":"publish","type":"page","link":"http:\/\/catherinesylvain.com\/blog\/?page_id=15","title":{"rendered":"Biographie"},"content":{"rendered":"<p>Catherine Sylvain vit et travaille \u00e0 Montr\u00e9al o\u00f9 elle a obtenu une ma\u00eetrise en beaux-arts de\u00a0l\u2019Universit\u00e9 Concordia en 2003. Jouant avec les rapports d\u2019\u00e9chelle, ses sculptures mettent en\u00a0sc\u00e8ne le corps et questionnent les notions d\u2019identit\u00e9, de rapport \u00e0 l\u2019autre et d\u2019inscription au sein\u00a0de groupes. Son travail a \u00e9t\u00e9 pr\u00e9sent\u00e9 dans plusieurs expositions personnelles, notamment au\u00a0centre d\u2019exposition CIRCA, au centre d\u2019exposition EXPRESSION \u00e0 Saint-Hyacinthe et au centre\u00a0VU \u00e0 Qu\u00e9bec. Son travail a \u00e9galement fait partie d\u2019expositions collectives, notamment au Mus\u00e9e\u00a0des Beaux-arts de Montr\u00e9al, \u00e0 la Biennale de Liverpool et au Mus\u00e9e national des beaux-arts du\u00a0Qu\u00e9bec. Elle a \u00e0 son actif la r\u00e9alisation de plusieurs projets d\u2019art public.<\/p>\n","protected":false},"excerpt":{"rendered":"<p>Catherine Sylvain vit et travaille \u00e0 Montr\u00e9al o\u00f9 elle a obtenu une ma\u00eetrise en beaux-arts de\u00a0l\u2019Universit\u00e9 Concordia en 2003. Jouant avec les rapports d\u2019\u00e9chelle, ses sculptures mettent en\u00a0sc\u00e8ne le corps et questionnent les notions d\u2019identit\u00e9, de rapport \u00e0 l\u2019autre et d\u2019inscription au sein\u00a0de groupes. Son travail a \u00e9t\u00e9 pr\u00e9sent\u00e9 dans plusieurs expositions personnelles, notamment au\u00a0centre<\/p>\n<div><a class=\"btn-filled btn\" href=\"http:\/\/catherinesylvain.com\/blog\/?page_id=15\" title=\"Biographie\">Lire la suite<\/a><\/div>\n","protected":false},"author":1,"featured_media":0,"parent":0,"menu_order":0,"comment_status":"closed","ping_status":"open","template":"","meta":{"spay_email":""},"_links":{"self":[{"href":"http:\/\/catherinesylvain.com\/blog\/index.php?rest_route=\/wp\/v2\/pages\/15"}],"collection":[{"href":"http:\/\/catherinesylvain.com\/blog\/index.php?rest_route=\/wp\/v2\/pages"}],"about":[{"href":"http:\/\/catherinesylvain.com\/blog\/index.php?rest_route=\/wp\/v2\/types\/page"}],"author":[{"embeddable":true,"href":"http:\/\/catherinesylvain.com\/blog\/index.php?rest_route=\/wp\/v2\/users\/1"}],"replies":[{"embeddable":true,"href":"http:\/\/catherinesylvain.com\/blog\/index.php?rest_route=%2Fwp%2Fv2%2Fcomments&post=15"}],"version-history":[{"count":6,"href":"http:\/\/catherinesylvain.com\/blog\/index.php?rest_route=\/wp\/v2\/pages\/15\/revisions"}],"predecessor-version":[{"id":809,"href":"http:\/\/catherinesylvain.com\/blog\/index.php?rest_route=\/wp\/v2\/pages\/15\/revisions\/809"}],"wp:attachment":[{"href":"http:\/\/catherinesylvain.com\/blog\/index.php?rest_route=%2Fwp%2Fv2%2Fmedia&parent=15"}],"curies":[{"name":"wp","href":"https:\/\/api.w.org\/{rel}","templated":true}]}}