{"id":141,"date":"2014-10-18T02:48:41","date_gmt":"2014-10-18T02:48:41","guid":{"rendered":"http:\/\/catherinesylvain.com\/blog\/?page_id=141"},"modified":"2019-01-26T16:12:30","modified_gmt":"2019-01-26T16:12:30","slug":"le-musee-de-lhomme","status":"publish","type":"page","link":"http:\/\/catherinesylvain.com\/blog\/?page_id=141","title":{"rendered":"Le Mus\u00e9e de l&rsquo;homme"},"content":{"rendered":"<p>2008, Mus\u00e9e des Beaux-Arts du Qu\u00e9bec, Qu\u00e9bec<\/p>\n<p><a href=\"https:\/\/i1.wp.com\/catherinesylvain.com\/blog\/wp-content\/uploads\/2014\/10\/70_DSC1475.jpg\"><img loading=\"lazy\" class=\"alignnone size-full wp-image-326\" src=\"https:\/\/i1.wp.com\/catherinesylvain.com\/blog\/wp-content\/uploads\/2014\/10\/70_DSC1475.jpg?resize=1140%2C766\" alt=\"70_DSC1475\" width=\"1140\" height=\"766\" srcset=\"https:\/\/i1.wp.com\/catherinesylvain.com\/blog\/wp-content\/uploads\/2014\/10\/70_DSC1475.jpg?w=3000 3000w, https:\/\/i1.wp.com\/catherinesylvain.com\/blog\/wp-content\/uploads\/2014\/10\/70_DSC1475.jpg?resize=300%2C201 300w, https:\/\/i1.wp.com\/catherinesylvain.com\/blog\/wp-content\/uploads\/2014\/10\/70_DSC1475.jpg?resize=1024%2C688 1024w, https:\/\/i1.wp.com\/catherinesylvain.com\/blog\/wp-content\/uploads\/2014\/10\/70_DSC1475.jpg?resize=1903%2C1280 1903w, https:\/\/i1.wp.com\/catherinesylvain.com\/blog\/wp-content\/uploads\/2014\/10\/70_DSC1475.jpg?w=2280 2280w\" sizes=\"(max-width: 1140px) 100vw, 1140px\" data-recalc-dims=\"1\" \/><\/a><\/p>\n<p><a href=\"https:\/\/i0.wp.com\/catherinesylvain.com\/blog\/wp-content\/uploads\/2014\/10\/71_DSC1480.jpg\"><img loading=\"lazy\" class=\"alignnone size-full wp-image-327\" src=\"https:\/\/i0.wp.com\/catherinesylvain.com\/blog\/wp-content\/uploads\/2014\/10\/71_DSC1480.jpg?resize=1140%2C1696\" alt=\"71_DSC1480\" width=\"1140\" height=\"1696\" srcset=\"https:\/\/i0.wp.com\/catherinesylvain.com\/blog\/wp-content\/uploads\/2014\/10\/71_DSC1480.jpg?w=2017 2017w, https:\/\/i0.wp.com\/catherinesylvain.com\/blog\/wp-content\/uploads\/2014\/10\/71_DSC1480.jpg?resize=201%2C300 201w, https:\/\/i0.wp.com\/catherinesylvain.com\/blog\/wp-content\/uploads\/2014\/10\/71_DSC1480.jpg?resize=688%2C1024 688w, https:\/\/i0.wp.com\/catherinesylvain.com\/blog\/wp-content\/uploads\/2014\/10\/71_DSC1480.jpg?resize=860%2C1280 860w\" sizes=\"(max-width: 1140px) 100vw, 1140px\" data-recalc-dims=\"1\" \/><\/a><\/p>\n<p>&nbsp;<\/p>\n<p>&nbsp;<\/p>\n<p><a href=\"https:\/\/i1.wp.com\/catherinesylvain.com\/blog\/wp-content\/uploads\/2014\/10\/64_IMG_7296.jpg\"><img loading=\"lazy\" class=\"alignnone size-full wp-image-315\" src=\"https:\/\/i1.wp.com\/catherinesylvain.com\/blog\/wp-content\/uploads\/2014\/10\/64_IMG_7296.jpg?resize=1140%2C760\" alt=\"64_IMG_7296\" width=\"1140\" height=\"760\" srcset=\"https:\/\/i1.wp.com\/catherinesylvain.com\/blog\/wp-content\/uploads\/2014\/10\/64_IMG_7296.jpg?w=3072 3072w, https:\/\/i1.wp.com\/catherinesylvain.com\/blog\/wp-content\/uploads\/2014\/10\/64_IMG_7296.jpg?resize=300%2C200 300w, https:\/\/i1.wp.com\/catherinesylvain.com\/blog\/wp-content\/uploads\/2014\/10\/64_IMG_7296.jpg?resize=1024%2C682 1024w, https:\/\/i1.wp.com\/catherinesylvain.com\/blog\/wp-content\/uploads\/2014\/10\/64_IMG_7296.jpg?resize=1920%2C1280 1920w, https:\/\/i1.wp.com\/catherinesylvain.com\/blog\/wp-content\/uploads\/2014\/10\/64_IMG_7296.jpg?w=2280 2280w\" sizes=\"(max-width: 1140px) 100vw, 1140px\" data-recalc-dims=\"1\" \/><\/a><\/p>\n<p><a href=\"https:\/\/i0.wp.com\/catherinesylvain.com\/blog\/wp-content\/uploads\/2014\/10\/63_IMG_7326_2.jpg\"><img loading=\"lazy\" class=\"alignnone size-full wp-image-320\" src=\"https:\/\/i0.wp.com\/catherinesylvain.com\/blog\/wp-content\/uploads\/2014\/10\/63_IMG_7326_2.jpg?resize=1140%2C1710\" alt=\"63_IMG_7326_2\" width=\"1140\" height=\"1710\" srcset=\"https:\/\/i0.wp.com\/catherinesylvain.com\/blog\/wp-content\/uploads\/2014\/10\/63_IMG_7326_2.jpg?w=2048 2048w, https:\/\/i0.wp.com\/catherinesylvain.com\/blog\/wp-content\/uploads\/2014\/10\/63_IMG_7326_2.jpg?resize=200%2C300 200w, https:\/\/i0.wp.com\/catherinesylvain.com\/blog\/wp-content\/uploads\/2014\/10\/63_IMG_7326_2.jpg?resize=682%2C1024 682w, https:\/\/i0.wp.com\/catherinesylvain.com\/blog\/wp-content\/uploads\/2014\/10\/63_IMG_7326_2.jpg?resize=853%2C1280 853w\" sizes=\"(max-width: 1140px) 100vw, 1140px\" data-recalc-dims=\"1\" \/><\/a><\/p>\n<p><a href=\"https:\/\/i0.wp.com\/catherinesylvain.com\/blog\/wp-content\/uploads\/2014\/10\/62b_IMG_7352.jpg\"><img loading=\"lazy\" class=\"alignnone size-full wp-image-319\" src=\"https:\/\/i0.wp.com\/catherinesylvain.com\/blog\/wp-content\/uploads\/2014\/10\/62b_IMG_7352.jpg?resize=1140%2C760\" alt=\"62b_IMG_7352\" width=\"1140\" height=\"760\" srcset=\"https:\/\/i0.wp.com\/catherinesylvain.com\/blog\/wp-content\/uploads\/2014\/10\/62b_IMG_7352.jpg?w=2880 2880w, https:\/\/i0.wp.com\/catherinesylvain.com\/blog\/wp-content\/uploads\/2014\/10\/62b_IMG_7352.jpg?resize=300%2C200 300w, https:\/\/i0.wp.com\/catherinesylvain.com\/blog\/wp-content\/uploads\/2014\/10\/62b_IMG_7352.jpg?resize=1024%2C682 1024w, https:\/\/i0.wp.com\/catherinesylvain.com\/blog\/wp-content\/uploads\/2014\/10\/62b_IMG_7352.jpg?resize=1920%2C1280 1920w, https:\/\/i0.wp.com\/catherinesylvain.com\/blog\/wp-content\/uploads\/2014\/10\/62b_IMG_7352.jpg?w=2280 2280w\" sizes=\"(max-width: 1140px) 100vw, 1140px\" data-recalc-dims=\"1\" \/><\/a><\/p>\n<p><a href=\"https:\/\/i0.wp.com\/catherinesylvain.com\/blog\/wp-content\/uploads\/2014\/10\/62_IMG_7344.jpg\"><img loading=\"lazy\" class=\"alignnone size-full wp-image-318\" src=\"https:\/\/i0.wp.com\/catherinesylvain.com\/blog\/wp-content\/uploads\/2014\/10\/62_IMG_7344.jpg?resize=1140%2C1710\" alt=\"62_IMG_7344\" width=\"1140\" height=\"1710\" srcset=\"https:\/\/i0.wp.com\/catherinesylvain.com\/blog\/wp-content\/uploads\/2014\/10\/62_IMG_7344.jpg?w=2048 2048w, https:\/\/i0.wp.com\/catherinesylvain.com\/blog\/wp-content\/uploads\/2014\/10\/62_IMG_7344.jpg?resize=200%2C300 200w, https:\/\/i0.wp.com\/catherinesylvain.com\/blog\/wp-content\/uploads\/2014\/10\/62_IMG_7344.jpg?resize=682%2C1024 682w, https:\/\/i0.wp.com\/catherinesylvain.com\/blog\/wp-content\/uploads\/2014\/10\/62_IMG_7344.jpg?resize=853%2C1280 853w\" sizes=\"(max-width: 1140px) 100vw, 1140px\" data-recalc-dims=\"1\" \/><\/a><\/p>\n<p><a href=\"https:\/\/i2.wp.com\/catherinesylvain.com\/blog\/wp-content\/uploads\/2014\/10\/60_IMG_7317.jpg\"><img loading=\"lazy\" class=\"alignnone size-full wp-image-316\" src=\"https:\/\/i2.wp.com\/catherinesylvain.com\/blog\/wp-content\/uploads\/2014\/10\/60_IMG_7317.jpg?resize=1140%2C760\" alt=\"60_IMG_7317\" width=\"1140\" height=\"760\" srcset=\"https:\/\/i2.wp.com\/catherinesylvain.com\/blog\/wp-content\/uploads\/2014\/10\/60_IMG_7317.jpg?w=3072 3072w, https:\/\/i2.wp.com\/catherinesylvain.com\/blog\/wp-content\/uploads\/2014\/10\/60_IMG_7317.jpg?resize=300%2C200 300w, https:\/\/i2.wp.com\/catherinesylvain.com\/blog\/wp-content\/uploads\/2014\/10\/60_IMG_7317.jpg?resize=1024%2C682 1024w, https:\/\/i2.wp.com\/catherinesylvain.com\/blog\/wp-content\/uploads\/2014\/10\/60_IMG_7317.jpg?resize=1920%2C1280 1920w, https:\/\/i2.wp.com\/catherinesylvain.com\/blog\/wp-content\/uploads\/2014\/10\/60_IMG_7317.jpg?w=2280 2280w\" sizes=\"(max-width: 1140px) 100vw, 1140px\" data-recalc-dims=\"1\" \/><\/a><\/p>\n<p><a href=\"https:\/\/i2.wp.com\/catherinesylvain.com\/blog\/wp-content\/uploads\/2014\/10\/59_IMG_7316.jpg\"><img loading=\"lazy\" class=\"alignnone size-full wp-image-314\" src=\"https:\/\/i2.wp.com\/catherinesylvain.com\/blog\/wp-content\/uploads\/2014\/10\/59_IMG_7316.jpg?resize=1140%2C760\" alt=\"59_IMG_7316\" width=\"1140\" height=\"760\" srcset=\"https:\/\/i2.wp.com\/catherinesylvain.com\/blog\/wp-content\/uploads\/2014\/10\/59_IMG_7316.jpg?w=3072 3072w, https:\/\/i2.wp.com\/catherinesylvain.com\/blog\/wp-content\/uploads\/2014\/10\/59_IMG_7316.jpg?resize=300%2C200 300w, https:\/\/i2.wp.com\/catherinesylvain.com\/blog\/wp-content\/uploads\/2014\/10\/59_IMG_7316.jpg?resize=1024%2C682 1024w, https:\/\/i2.wp.com\/catherinesylvain.com\/blog\/wp-content\/uploads\/2014\/10\/59_IMG_7316.jpg?resize=1920%2C1280 1920w, https:\/\/i2.wp.com\/catherinesylvain.com\/blog\/wp-content\/uploads\/2014\/10\/59_IMG_7316.jpg?w=2280 2280w\" sizes=\"(max-width: 1140px) 100vw, 1140px\" data-recalc-dims=\"1\" \/><\/a><\/p>\n<p><a href=\"https:\/\/i0.wp.com\/catherinesylvain.com\/blog\/wp-content\/uploads\/2014\/10\/61_IMG_7319.jpg\"><img loading=\"lazy\" class=\"alignnone size-full wp-image-317\" src=\"https:\/\/i0.wp.com\/catherinesylvain.com\/blog\/wp-content\/uploads\/2014\/10\/61_IMG_7319.jpg?resize=1140%2C760\" alt=\"61_IMG_7319\" width=\"1140\" height=\"760\" srcset=\"https:\/\/i0.wp.com\/catherinesylvain.com\/blog\/wp-content\/uploads\/2014\/10\/61_IMG_7319.jpg?w=3072 3072w, https:\/\/i0.wp.com\/catherinesylvain.com\/blog\/wp-content\/uploads\/2014\/10\/61_IMG_7319.jpg?resize=300%2C200 300w, https:\/\/i0.wp.com\/catherinesylvain.com\/blog\/wp-content\/uploads\/2014\/10\/61_IMG_7319.jpg?resize=1024%2C682 1024w, https:\/\/i0.wp.com\/catherinesylvain.com\/blog\/wp-content\/uploads\/2014\/10\/61_IMG_7319.jpg?resize=1920%2C1280 1920w, https:\/\/i0.wp.com\/catherinesylvain.com\/blog\/wp-content\/uploads\/2014\/10\/61_IMG_7319.jpg?w=2280 2280w\" sizes=\"(max-width: 1140px) 100vw, 1140px\" data-recalc-dims=\"1\" \/><\/a><\/p>\n<p><a href=\"https:\/\/i0.wp.com\/catherinesylvain.com\/blog\/wp-content\/uploads\/2014\/10\/58_IMG_7421.jpg\"><img loading=\"lazy\" class=\"alignnone size-full wp-image-324\" src=\"https:\/\/i0.wp.com\/catherinesylvain.com\/blog\/wp-content\/uploads\/2014\/10\/58_IMG_7421.jpg?resize=1140%2C760\" alt=\"58_IMG_7421\" width=\"1140\" height=\"760\" srcset=\"https:\/\/i0.wp.com\/catherinesylvain.com\/blog\/wp-content\/uploads\/2014\/10\/58_IMG_7421.jpg?w=3072 3072w, https:\/\/i0.wp.com\/catherinesylvain.com\/blog\/wp-content\/uploads\/2014\/10\/58_IMG_7421.jpg?resize=300%2C200 300w, https:\/\/i0.wp.com\/catherinesylvain.com\/blog\/wp-content\/uploads\/2014\/10\/58_IMG_7421.jpg?resize=1024%2C682 1024w, https:\/\/i0.wp.com\/catherinesylvain.com\/blog\/wp-content\/uploads\/2014\/10\/58_IMG_7421.jpg?resize=1920%2C1280 1920w, https:\/\/i0.wp.com\/catherinesylvain.com\/blog\/wp-content\/uploads\/2014\/10\/58_IMG_7421.jpg?w=2280 2280w\" sizes=\"(max-width: 1140px) 100vw, 1140px\" data-recalc-dims=\"1\" \/><\/a><\/p>\n<p><a href=\"https:\/\/i2.wp.com\/catherinesylvain.com\/blog\/wp-content\/uploads\/2014\/10\/58b_IMG_7475.jpg\"><img loading=\"lazy\" class=\"alignnone size-full wp-image-325\" src=\"https:\/\/i2.wp.com\/catherinesylvain.com\/blog\/wp-content\/uploads\/2014\/10\/58b_IMG_7475.jpg?resize=1140%2C1710\" alt=\"58b_IMG_7475\" width=\"1140\" height=\"1710\" srcset=\"https:\/\/i2.wp.com\/catherinesylvain.com\/blog\/wp-content\/uploads\/2014\/10\/58b_IMG_7475.jpg?w=2048 2048w, https:\/\/i2.wp.com\/catherinesylvain.com\/blog\/wp-content\/uploads\/2014\/10\/58b_IMG_7475.jpg?resize=200%2C300 200w, https:\/\/i2.wp.com\/catherinesylvain.com\/blog\/wp-content\/uploads\/2014\/10\/58b_IMG_7475.jpg?resize=682%2C1024 682w, https:\/\/i2.wp.com\/catherinesylvain.com\/blog\/wp-content\/uploads\/2014\/10\/58b_IMG_7475.jpg?resize=853%2C1280 853w\" sizes=\"(max-width: 1140px) 100vw, 1140px\" data-recalc-dims=\"1\" \/><\/a><\/p>\n","protected":false},"excerpt":{"rendered":"<p>2008, Mus\u00e9e des Beaux-Arts du Qu\u00e9bec, Qu\u00e9bec &nbsp; &nbsp;<\/p>\n","protected":false},"author":1,"featured_media":0,"parent":0,"menu_order":0,"comment_status":"closed","ping_status":"open","template":"","meta":{"spay_email":""},"_links":{"self":[{"href":"http:\/\/catherinesylvain.com\/blog\/index.php?rest_route=\/wp\/v2\/pages\/141"}],"collection":[{"href":"http:\/\/catherinesylvain.com\/blog\/index.php?rest_route=\/wp\/v2\/pages"}],"about":[{"href":"http:\/\/catherinesylvain.com\/blog\/index.php?rest_route=\/wp\/v2\/types\/page"}],"author":[{"embeddable":true,"href":"http:\/\/catherinesylvain.com\/blog\/index.php?rest_route=\/wp\/v2\/users\/1"}],"replies":[{"embeddable":true,"href":"http:\/\/catherinesylvain.com\/blog\/index.php?rest_route=%2Fwp%2Fv2%2Fcomments&post=141"}],"version-history":[{"count":6,"href":"http:\/\/catherinesylvain.com\/blog\/index.php?rest_route=\/wp\/v2\/pages\/141\/revisions"}],"predecessor-version":[{"id":478,"href":"http:\/\/catherinesylvain.com\/blog\/index.php?rest_route=\/wp\/v2\/pages\/141\/revisions\/478"}],"wp:attachment":[{"href":"http:\/\/catherinesylvain.com\/blog\/index.php?rest_route=%2Fwp%2Fv2%2Fmedia&parent=141"}],"curies":[{"name":"wp","href":"https:\/\/api.w.org\/{rel}","templated":true}]}}